{"id":1623,"date":"2026-02-22T22:43:46","date_gmt":"2026-02-22T22:43:46","guid":{"rendered":"https:\/\/informatiqueparticip.live-website.com\/?page_id=1623"},"modified":"2026-03-01T16:31:45","modified_gmt":"2026-03-01T16:31:45","slug":"contactbenevole","status":"publish","type":"page","link":"https:\/\/asso-info.org\/?page_id=1623","title":{"rendered":"ContactBenevole"},"content":{"rendered":"\n\n  <div class=\"banner has-hover has-parallax\" id=\"banner-1674454736\">\n          <div class=\"banner-inner fill\">\n        <div class=\"banner-bg fill\" data-parallax=\"-3\" data-parallax-container=\".banner\" data-parallax-background>\n            <img loading=\"lazy\" decoding=\"async\" width=\"2560\" height=\"1707\" src=\"https:\/\/asso-info.org\/wp-content\/uploads\/2026\/02\/pexels-william-fortunato-6140709-scaled.jpg\" class=\"bg attachment-original size-original\" alt=\"\" \/>                                    \n                    <\/div>\n\t\t\n        <div class=\"banner-layers container\">\n            <div class=\"fill banner-link\"><\/div>            \n\n   <div id=\"text-box-1555362185\" class=\"text-box banner-layer x50 md-x50 lg-x50 y50 md-y50 lg-y50 res-text\">\n                                <div class=\"text-box-content text dark\">\n              \n              <div class=\"text-inner text-center\">\n                  \n\n\n              <\/div>\n           <\/div>\n                            \n<style>\n#text-box-1555362185 {\n  width: 60%;\n}\n#text-box-1555362185 .text-box-content {\n  font-size: 100%;\n}\n@media (min-width:550px) {\n  #text-box-1555362185 {\n    width: 60%;\n  }\n}\n<\/style>\n    <\/div>\n \n\n        <\/div>\n      <\/div>\n\n            \n<style>\n#banner-1674454736 {\n  padding-top: 507px;\n  background-color: rgb(255,255,255);\n}\n<\/style>\n  <\/div>\n\n\n<div class=\"row\"  id=\"row-1035133238\">\n\n\n\t<div id=\"col-679463450\" class=\"col small-12 large-12\"  >\n\t\t\t\t<div class=\"col-inner\"  >\n\t\t\t\n\t\t\t\n\n<p class=\"lead text-center\">Vous voulez apporter votre pierre \u00e0 l&rsquo;\u00e9difice et contribuer \u00e0 votre \u00e9chelle \u00e0 la r\u00e9duction de la fracture num\u00e9rique ?<\/p>\n<p class=\"lead text-center\">L&rsquo;association recherche toujours de nouvelles personnes volontaires pour nous soutenir dans nos actions aussi bien en m\u00e9diation (accompagnement individuel ou collectif \u00e0 l&rsquo;usage de l&rsquo;outil informatique), administratif associatif, reconditionnement, communication graphique, r\u00e9daction de support p\u00e9dagogique, etc<\/p>\n\n\t\t<\/div>\n\t\t\t\t\t<\/div>\n\n\t\n\n<\/div>\n<div class=\"row align-middle\"  id=\"row-121360600\">\n\n\n\t<div id=\"col-1677786268\" class=\"col small-12 large-12\"  >\n\t\t\t\t<div class=\"col-inner\"  >\n\t\t\t\n\t\t\t\n\n<style id=\"wpforms-css-vars-1715\">\n\t\t\t\t#wpforms-1715 {\n\t\t\t\t--wpforms-container-padding: 0px;\n--wpforms-container-border-width: 1px;\n--wpforms-container-border-radius: 3px;\n--wpforms-background-color: rgba(0, 0, 0, 0);\n--wpforms-field-size-input-height: 43px;\n--wpforms-field-size-input-spacing: 15px;\n--wpforms-field-size-font-size: 16px;\n--wpforms-field-size-line-height: 19px;\n--wpforms-field-size-padding-h: 14px;\n--wpforms-field-size-checkbox-size: 16px;\n--wpforms-field-size-sublabel-spacing: 5px;\n--wpforms-field-size-icon-size: 1;\n--wpforms-label-size-font-size: 16px;\n--wpforms-label-size-line-height: 19px;\n--wpforms-label-size-sublabel-font-size: 14px;\n--wpforms-label-size-sublabel-line-height: 17px;\n--wpforms-button-size-font-size: 17px;\n--wpforms-button-size-height: 41px;\n--wpforms-button-size-padding-h: 15px;\n--wpforms-button-size-margin-top: 10px;\n--wpforms-container-shadow-size-box-shadow: none;\n\t\t\t}\n\t\t\t<\/style><div class=\"wpforms-container wpforms-container-full wpforms-render-modern\" id=\"wpforms-1715\"><form id=\"wpforms-form-1715\" class=\"wpforms-validate wpforms-form wpforms-ajax-form\" data-formid=\"1715\" method=\"post\" enctype=\"multipart\/form-data\" action=\"\/index.php?rest_route=%2Fwp%2Fv2%2Fpages%2F1623\" data-token=\"b43acc206f88531cd982d603301cfdd7\" data-token-time=\"1775943585\"><noscript class=\"wpforms-error-noscript\">Veuillez activer JavaScript dans votre navigateur pour remplir ce formulaire.<\/noscript><div id=\"wpforms-error-noscript\" style=\"display: none;\">Veuillez activer JavaScript dans votre navigateur pour remplir ce formulaire.<\/div><div class=\"wpforms-field-container\"><div id=\"wpforms-1715-field_1-container\" class=\"wpforms-field wpforms-field-name\" data-field-id=\"1\"><fieldset><legend class=\"wpforms-field-label\">Nom \/ Pr\u00e9nom <span class=\"wpforms-required-label\" aria-hidden=\"true\">*<\/span><\/legend><div class=\"wpforms-field-row wpforms-field-medium\"><div class=\"wpforms-field-row-block wpforms-first wpforms-one-half\"><input type=\"text\" id=\"wpforms-1715-field_1\" class=\"wpforms-field-name-first wpforms-field-required\" name=\"wpforms[fields][1][first]\" placeholder=\"Merci de saisir votre nom\" aria-errormessage=\"wpforms-1715-field_1-error\" required><label for=\"wpforms-1715-field_1\" class=\"wpforms-field-sublabel after\">Pr\u00e9nom<\/label><\/div><div class=\"wpforms-field-row-block wpforms-one-half\"><input type=\"text\" id=\"wpforms-1715-field_1-last\" class=\"wpforms-field-name-last wpforms-field-required\" name=\"wpforms[fields][1][last]\" placeholder=\"Merci de saisir votre pr\u00e9nom\" aria-errormessage=\"wpforms-1715-field_1-last-error\" required><label for=\"wpforms-1715-field_1-last\" class=\"wpforms-field-sublabel after\">Nom<\/label><\/div><\/div><\/fieldset><\/div>\t\t<div id=\"wpforms-1715-field_4-container\"\n\t\t\tclass=\"wpforms-field wpforms-field-text\"\n\t\t\tdata-field-type=\"text\"\n\t\t\tdata-field-id=\"4\"\n\t\t\t>\n\t\t\t<label class=\"wpforms-field-label\" for=\"wpforms-1715-field_4\" >concernant votre pr\u00e9f\u00e9rences<\/label>\n\t\t\t<input type=\"text\" id=\"wpforms-1715-field_4\" class=\"wpforms-field-medium\" name=\"wpforms[fields][4]\" >\n\t\t<\/div>\n\t\t<div id=\"wpforms-1715-field_2-container\" class=\"wpforms-field wpforms-field-email\" data-field-id=\"2\"><label class=\"wpforms-field-label\" for=\"wpforms-1715-field_2\">Email <span class=\"wpforms-required-label\" aria-hidden=\"true\">*<\/span><\/label><input type=\"email\" id=\"wpforms-1715-field_2\" class=\"wpforms-field-medium wpforms-field-required\" name=\"wpforms[fields][2]\" placeholder=\"Quelle est votre adresse email ?\" spellcheck=\"false\" aria-errormessage=\"wpforms-1715-field_2-error\" required><\/div><div id=\"wpforms-1715-field_13-container\" class=\"wpforms-field wpforms-field-text\" data-field-id=\"13\"><label class=\"wpforms-field-label\" for=\"wpforms-1715-field_13\">Num\u00e9ro de t\u00e9l\u00e9phone <span class=\"wpforms-required-label\" aria-hidden=\"true\">*<\/span><\/label><input type=\"text\" id=\"wpforms-1715-field_13\" class=\"wpforms-field-small wpforms-field-required\" name=\"wpforms[fields][13]\" aria-errormessage=\"wpforms-1715-field_13-error\" required><\/div><div id=\"wpforms-1715-field_9-container\" class=\"wpforms-field wpforms-field-checkbox wpforms-list-3-columns\" data-field-id=\"9\"><fieldset><legend class=\"wpforms-field-label\">Vous voulez apporter votre soutien dans quel domaine ?<\/legend><ul id=\"wpforms-1715-field_9\"><li class=\"choice-1 depth-1\"><input type=\"checkbox\" id=\"wpforms-1715-field_9_1\" name=\"wpforms[fields][9][]\" value=\"M\u00e9diation\" aria-errormessage=\"wpforms-1715-field_9_1-error\"  ><label class=\"wpforms-field-label-inline\" for=\"wpforms-1715-field_9_1\">M\u00e9diation<\/label><\/li><li class=\"choice-2 depth-1\"><input type=\"checkbox\" id=\"wpforms-1715-field_9_2\" name=\"wpforms[fields][9][]\" value=\"Reconditionnement\" aria-errormessage=\"wpforms-1715-field_9_2-error\"  ><label class=\"wpforms-field-label-inline\" for=\"wpforms-1715-field_9_2\">Reconditionnement<\/label><\/li><li class=\"choice-3 depth-1\"><input type=\"checkbox\" id=\"wpforms-1715-field_9_3\" name=\"wpforms[fields][9][]\" value=\"Administratif\" aria-errormessage=\"wpforms-1715-field_9_3-error\"  ><label class=\"wpforms-field-label-inline\" for=\"wpforms-1715-field_9_3\">Administratif<\/label><\/li><li class=\"choice-5 depth-1\"><input type=\"checkbox\" id=\"wpforms-1715-field_9_5\" name=\"wpforms[fields][9][]\" value=\"Technique\" aria-errormessage=\"wpforms-1715-field_9_5-error\"  ><label class=\"wpforms-field-label-inline\" for=\"wpforms-1715-field_9_5\">Technique<\/label><\/li><li class=\"choice-4 depth-1\"><input type=\"checkbox\" id=\"wpforms-1715-field_9_4\" name=\"wpforms[fields][9][]\" value=\"Communication\" aria-errormessage=\"wpforms-1715-field_9_4-error\"  ><label class=\"wpforms-field-label-inline\" for=\"wpforms-1715-field_9_4\">Communication<\/label><\/li><li class=\"choice-6 depth-1\"><input type=\"checkbox\" id=\"wpforms-1715-field_9_6\" name=\"wpforms[fields][9][]\" value=\"Autre\" aria-errormessage=\"wpforms-1715-field_9_6-error\"  ><label class=\"wpforms-field-label-inline\" for=\"wpforms-1715-field_9_6\">Autre<\/label><\/li><\/ul><\/fieldset><\/div><div id=\"wpforms-1715-field_11-container\" class=\"wpforms-field wpforms-field-checkbox wpforms-list-3-columns\" data-field-id=\"11\"><fieldset><legend class=\"wpforms-field-label\">Vos pr\u00e9f\u00e9rences concernant les jours de la semaine ?<\/legend><ul id=\"wpforms-1715-field_11\"><li class=\"choice-1 depth-1\"><input type=\"checkbox\" id=\"wpforms-1715-field_11_1\" name=\"wpforms[fields][11][]\" value=\"Lundi\" aria-errormessage=\"wpforms-1715-field_11_1-error\"  ><label class=\"wpforms-field-label-inline\" for=\"wpforms-1715-field_11_1\">Lundi<\/label><\/li><li class=\"choice-2 depth-1\"><input type=\"checkbox\" id=\"wpforms-1715-field_11_2\" name=\"wpforms[fields][11][]\" value=\"Mardi\" aria-errormessage=\"wpforms-1715-field_11_2-error\"  ><label class=\"wpforms-field-label-inline\" for=\"wpforms-1715-field_11_2\">Mardi<\/label><\/li><li class=\"choice-3 depth-1\"><input type=\"checkbox\" id=\"wpforms-1715-field_11_3\" name=\"wpforms[fields][11][]\" value=\"Mercredi\" aria-errormessage=\"wpforms-1715-field_11_3-error\"  ><label class=\"wpforms-field-label-inline\" for=\"wpforms-1715-field_11_3\">Mercredi<\/label><\/li><li class=\"choice-6 depth-1\"><input type=\"checkbox\" id=\"wpforms-1715-field_11_6\" name=\"wpforms[fields][11][]\" value=\"Jeudi\" aria-errormessage=\"wpforms-1715-field_11_6-error\"  ><label class=\"wpforms-field-label-inline\" for=\"wpforms-1715-field_11_6\">Jeudi<\/label><\/li><li class=\"choice-5 depth-1\"><input type=\"checkbox\" id=\"wpforms-1715-field_11_5\" name=\"wpforms[fields][11][]\" value=\"Vendredi\" aria-errormessage=\"wpforms-1715-field_11_5-error\"  ><label class=\"wpforms-field-label-inline\" for=\"wpforms-1715-field_11_5\">Vendredi<\/label><\/li><li class=\"choice-4 depth-1\"><input type=\"checkbox\" id=\"wpforms-1715-field_11_4\" name=\"wpforms[fields][11][]\" value=\"Samedi\" aria-errormessage=\"wpforms-1715-field_11_4-error\"  ><label class=\"wpforms-field-label-inline\" for=\"wpforms-1715-field_11_4\">Samedi<\/label><\/li><\/ul><\/fieldset><\/div><div id=\"wpforms-1715-field_12-container\" class=\"wpforms-field wpforms-field-number\" data-field-id=\"12\"><label class=\"wpforms-field-label\" for=\"wpforms-1715-field_12\">Vous seriez disponible combien d&#039;heures par semaine  ?<\/label><input type=\"number\" id=\"wpforms-1715-field_12\" class=\"wpforms-field-small\" name=\"wpforms[fields][12]\" step=\"any\" aria-errormessage=\"wpforms-1715-field_12-error\" ><\/div><div id=\"wpforms-1715-field_3-container\" class=\"wpforms-field wpforms-field-textarea\" data-field-id=\"3\"><label class=\"wpforms-field-label\" for=\"wpforms-1715-field_3\">Quel est votre message ?<\/label><textarea id=\"wpforms-1715-field_3\" class=\"wpforms-field-medium\" name=\"wpforms[fields][3]\" aria-errormessage=\"wpforms-1715-field_3-error\" ><\/textarea><\/div><script>\n\t\t\t\t( function() {\n\t\t\t\t\tconst style = document.createElement( 'style' );\n\t\t\t\t\tstyle.appendChild( document.createTextNode( '#wpforms-1715-field_4-container { position: absolute !important; overflow: hidden !important; display: inline !important; height: 1px !important; width: 1px !important; z-index: -1000 !important; padding: 0 !important; } #wpforms-1715-field_4-container input { visibility: hidden; } #wpforms-conversational-form-page #wpforms-1715-field_4-container label { counter-increment: none; }' ) );\n\t\t\t\t\tdocument.head.appendChild( style );\n\t\t\t\t\tdocument.currentScript?.remove();\n\t\t\t\t} )();\n\t\t\t<\/script><\/div><!-- .wpforms-field-container --><div class=\"wpforms-submit-container\" ><input type=\"hidden\" name=\"wpforms[id]\" value=\"1715\"><input type=\"hidden\" name=\"page_title\" value=\"\"><input type=\"hidden\" name=\"page_url\" value=\"https:\/\/asso-info.org\/index.php?rest_route=\/wp\/v2\/pages\/1623\"><input type=\"hidden\" name=\"url_referer\" value=\"\"><button type=\"submit\" name=\"wpforms[submit]\" id=\"wpforms-submit-1715\" class=\"wpforms-submit\" data-alt-text=\"Envoi du message\" data-submit-text=\"Envoi du message\" aria-live=\"assertive\" value=\"wpforms-submit\">Envoi du message<\/button><img loading=\"lazy\" decoding=\"async\" src=\"https:\/\/asso-info.org\/wp-content\/plugins\/wpforms-lite\/assets\/images\/submit-spin.svg\" class=\"wpforms-submit-spinner\" style=\"display: none;\" width=\"26\" height=\"26\" alt=\"Chargement en cours\"><\/div><\/form><\/div>  <!-- .wpforms-container -->\n\n\t\t<\/div>\n\t\t\t\t\t<\/div>\n\n\t\n\n<\/div>\n\n","protected":false},"excerpt":{"rendered":"","protected":false},"author":4,"featured_media":0,"parent":298,"menu_order":0,"comment_status":"closed","ping_status":"closed","template":"page-blank.php","meta":{"footnotes":""},"class_list":["post-1623","page","type-page","status-publish","hentry"],"yoast_head":"<!-- This site is optimized with the Yoast SEO plugin v27.1.1 - https:\/\/yoast.com\/product\/yoast-seo-wordpress\/ -->\n<title>ContactBenevole - Informatique Participative<\/title>\n<meta name=\"robots\" content=\"index, follow, max-snippet:-1, max-image-preview:large, max-video-preview:-1\" \/>\n<link rel=\"canonical\" href=\"https:\/\/asso-info.org\/?page_id=1623\" \/>\n<meta property=\"og:locale\" content=\"fr_FR\" \/>\n<meta property=\"og:type\" content=\"article\" \/>\n<meta property=\"og:title\" content=\"ContactBenevole - Informatique Participative\" \/>\n<meta property=\"og:url\" content=\"https:\/\/asso-info.org\/?page_id=1623\" \/>\n<meta property=\"og:site_name\" content=\"Informatique Participative\" \/>\n<meta property=\"article:modified_time\" content=\"2026-03-01T16:31:45+00:00\" \/>\n<meta name=\"twitter:card\" content=\"summary_large_image\" \/>\n<meta name=\"twitter:label1\" content=\"Dur\u00e9e de lecture estim\u00e9e\" \/>\n\t<meta name=\"twitter:data1\" content=\"1 minute\" \/>\n<script type=\"application\/ld+json\" class=\"yoast-schema-graph\">{\"@context\":\"https:\/\/schema.org\",\"@graph\":[{\"@type\":\"WebPage\",\"@id\":\"https:\/\/asso-info.org\/?page_id=1623\",\"url\":\"https:\/\/asso-info.org\/?page_id=1623\",\"name\":\"ContactBenevole - Informatique Participative\",\"isPartOf\":{\"@id\":\"https:\/\/asso-info.org\/#website\"},\"datePublished\":\"2026-02-22T22:43:46+00:00\",\"dateModified\":\"2026-03-01T16:31:45+00:00\",\"breadcrumb\":{\"@id\":\"https:\/\/asso-info.org\/?page_id=1623#breadcrumb\"},\"inLanguage\":\"fr-FR\",\"potentialAction\":[{\"@type\":\"ReadAction\",\"target\":[\"https:\/\/asso-info.org\/?page_id=1623\"]}]},{\"@type\":\"BreadcrumbList\",\"@id\":\"https:\/\/asso-info.org\/?page_id=1623#breadcrumb\",\"itemListElement\":[{\"@type\":\"ListItem\",\"position\":1,\"name\":\"Accueil\",\"item\":\"https:\/\/asso-info.org\/\"},{\"@type\":\"ListItem\",\"position\":2,\"name\":\"Informatique\",\"item\":\"https:\/\/asso-info.org\/\"},{\"@type\":\"ListItem\",\"position\":3,\"name\":\"ContactBenevole\"}]},{\"@type\":\"WebSite\",\"@id\":\"https:\/\/asso-info.org\/#website\",\"url\":\"https:\/\/asso-info.org\/\",\"name\":\"Informatique Participative\",\"description\":\"NumEtik &amp; Solidaire\",\"publisher\":{\"@id\":\"https:\/\/asso-info.org\/#organization\"},\"potentialAction\":[{\"@type\":\"SearchAction\",\"target\":{\"@type\":\"EntryPoint\",\"urlTemplate\":\"https:\/\/asso-info.org\/?s={search_term_string}\"},\"query-input\":{\"@type\":\"PropertyValueSpecification\",\"valueRequired\":true,\"valueName\":\"search_term_string\"}}],\"inLanguage\":\"fr-FR\"},{\"@type\":\"Organization\",\"@id\":\"https:\/\/asso-info.org\/#organization\",\"name\":\"Informatique Participative\",\"url\":\"https:\/\/asso-info.org\/\",\"logo\":{\"@type\":\"ImageObject\",\"inLanguage\":\"fr-FR\",\"@id\":\"https:\/\/asso-info.org\/#\/schema\/logo\/image\/\",\"url\":\"https:\/\/asso-info.org\/wp-content\/uploads\/2026\/01\/logo.png\",\"contentUrl\":\"https:\/\/asso-info.org\/wp-content\/uploads\/2026\/01\/logo.png\",\"width\":380,\"height\":348,\"caption\":\"Informatique Participative\"},\"image\":{\"@id\":\"https:\/\/asso-info.org\/#\/schema\/logo\/image\/\"}}]}<\/script>\n<!-- \/ Yoast SEO plugin. -->","yoast_head_json":{"title":"ContactBenevole - Informatique Participative","robots":{"index":"index","follow":"follow","max-snippet":"max-snippet:-1","max-image-preview":"max-image-preview:large","max-video-preview":"max-video-preview:-1"},"canonical":"https:\/\/asso-info.org\/?page_id=1623","og_locale":"fr_FR","og_type":"article","og_title":"ContactBenevole - Informatique Participative","og_url":"https:\/\/asso-info.org\/?page_id=1623","og_site_name":"Informatique Participative","article_modified_time":"2026-03-01T16:31:45+00:00","twitter_card":"summary_large_image","twitter_misc":{"Dur\u00e9e de lecture estim\u00e9e":"1 minute"},"schema":{"@context":"https:\/\/schema.org","@graph":[{"@type":"WebPage","@id":"https:\/\/asso-info.org\/?page_id=1623","url":"https:\/\/asso-info.org\/?page_id=1623","name":"ContactBenevole - Informatique Participative","isPartOf":{"@id":"https:\/\/asso-info.org\/#website"},"datePublished":"2026-02-22T22:43:46+00:00","dateModified":"2026-03-01T16:31:45+00:00","breadcrumb":{"@id":"https:\/\/asso-info.org\/?page_id=1623#breadcrumb"},"inLanguage":"fr-FR","potentialAction":[{"@type":"ReadAction","target":["https:\/\/asso-info.org\/?page_id=1623"]}]},{"@type":"BreadcrumbList","@id":"https:\/\/asso-info.org\/?page_id=1623#breadcrumb","itemListElement":[{"@type":"ListItem","position":1,"name":"Accueil","item":"https:\/\/asso-info.org\/"},{"@type":"ListItem","position":2,"name":"Informatique","item":"https:\/\/asso-info.org\/"},{"@type":"ListItem","position":3,"name":"ContactBenevole"}]},{"@type":"WebSite","@id":"https:\/\/asso-info.org\/#website","url":"https:\/\/asso-info.org\/","name":"Informatique Participative","description":"NumEtik &amp; Solidaire","publisher":{"@id":"https:\/\/asso-info.org\/#organization"},"potentialAction":[{"@type":"SearchAction","target":{"@type":"EntryPoint","urlTemplate":"https:\/\/asso-info.org\/?s={search_term_string}"},"query-input":{"@type":"PropertyValueSpecification","valueRequired":true,"valueName":"search_term_string"}}],"inLanguage":"fr-FR"},{"@type":"Organization","@id":"https:\/\/asso-info.org\/#organization","name":"Informatique Participative","url":"https:\/\/asso-info.org\/","logo":{"@type":"ImageObject","inLanguage":"fr-FR","@id":"https:\/\/asso-info.org\/#\/schema\/logo\/image\/","url":"https:\/\/asso-info.org\/wp-content\/uploads\/2026\/01\/logo.png","contentUrl":"https:\/\/asso-info.org\/wp-content\/uploads\/2026\/01\/logo.png","width":380,"height":348,"caption":"Informatique Participative"},"image":{"@id":"https:\/\/asso-info.org\/#\/schema\/logo\/image\/"}}]}},"_links":{"self":[{"href":"https:\/\/asso-info.org\/index.php?rest_route=\/wp\/v2\/pages\/1623","targetHints":{"allow":["GET"]}}],"collection":[{"href":"https:\/\/asso-info.org\/index.php?rest_route=\/wp\/v2\/pages"}],"about":[{"href":"https:\/\/asso-info.org\/index.php?rest_route=\/wp\/v2\/types\/page"}],"author":[{"embeddable":true,"href":"https:\/\/asso-info.org\/index.php?rest_route=\/wp\/v2\/users\/4"}],"replies":[{"embeddable":true,"href":"https:\/\/asso-info.org\/index.php?rest_route=%2Fwp%2Fv2%2Fcomments&post=1623"}],"version-history":[{"count":4,"href":"https:\/\/asso-info.org\/index.php?rest_route=\/wp\/v2\/pages\/1623\/revisions"}],"predecessor-version":[{"id":1874,"href":"https:\/\/asso-info.org\/index.php?rest_route=\/wp\/v2\/pages\/1623\/revisions\/1874"}],"up":[{"embeddable":true,"href":"https:\/\/asso-info.org\/index.php?rest_route=\/wp\/v2\/pages\/298"}],"wp:attachment":[{"href":"https:\/\/asso-info.org\/index.php?rest_route=%2Fwp%2Fv2%2Fmedia&parent=1623"}],"curies":[{"name":"wp","href":"https:\/\/api.w.org\/{rel}","templated":true}]}}