{"id":1669,"date":"2026-02-24T10:04:42","date_gmt":"2026-02-24T10:04:42","guid":{"rendered":"https:\/\/informatiqueparticip.live-website.com\/?page_id=1669"},"modified":"2026-03-01T16:32:53","modified_gmt":"2026-03-01T16:32:53","slug":"mentionlegale","status":"publish","type":"page","link":"https:\/\/asso-info.org\/?page_id=1669","title":{"rendered":"mentionlegale"},"content":{"rendered":"\n\n  <div class=\"banner has-hover has-parallax\" id=\"banner-1550033237\">\n          <div class=\"banner-inner fill\">\n        <div class=\"banner-bg fill\" data-parallax=\"-3\" data-parallax-container=\".banner\" data-parallax-background>\n            <img loading=\"lazy\" decoding=\"async\" width=\"6720\" height=\"4480\" src=\"https:\/\/asso-info.org\/wp-content\/uploads\/2026\/02\/pexels-kindelmedia-7979428.jpg\" class=\"bg attachment-original size-original\" alt=\"\" \/>                                    \n                    <\/div>\n\t\t\n        <div class=\"banner-layers container\">\n            <div class=\"fill banner-link\"><\/div>            \n\n   <div id=\"text-box-1168318983\" class=\"text-box banner-layer x50 md-x50 lg-x50 y50 md-y50 lg-y50 res-text\">\n                                <div class=\"text-box-content text dark\">\n              \n              <div class=\"text-inner text-center\">\n                  \n\n\n              <\/div>\n           <\/div>\n                            \n<style>\n#text-box-1168318983 {\n  width: 60%;\n}\n#text-box-1168318983 .text-box-content {\n  font-size: 100%;\n}\n@media (min-width:550px) {\n  #text-box-1168318983 {\n    width: 60%;\n  }\n}\n<\/style>\n    <\/div>\n \n\n        <\/div>\n      <\/div>\n\n            \n<style>\n#banner-1550033237 {\n  padding-top: 507px;\n  background-color: rgb(255,255,255);\n}\n<\/style>\n  <\/div>\n\n\n<div class=\"row\"  id=\"row-1327691407\">\n\n\n\t<div id=\"col-1839025434\" class=\"col small-12 large-12\"  >\n\t\t\t\t<div class=\"col-inner\"  >\n\t\t\t\n\t\t\t\n\n<p>Conform\u00e9ment aux dispositions de la loi n\u00b0 2004-575 du 21 juin 2004 pour la confiance en l&rsquo;\u00e9conomie num\u00e9rique, il est pr\u00e9cis\u00e9 aux utilisateurs du site Informatique Participative l&rsquo;identit\u00e9 des diff\u00e9rents intervenants dans le cadre de sa r\u00e9alisation et de son suivi.<\/p>\n<h4>Edition du site<\/h4>\n<p>Le pr\u00e9sent site, accessible \u00e0 l\u2019URL www.asso-info.org (le \u00ab Site \u00bb), est \u00e9dit\u00e9 par : L\u2019association Association pour l&rsquo;Informatique Participative, enregistr\u00e9e aupr\u00e8s de la pr\u00e9fecture\/sous-pr\u00e9fecture de 37 &#8211; Pr\u00e9fecture Tours sous le num\u00e9ro W372014317, ayant son si\u00e8ge situ\u00e9 \u00e0 94 Rue du Sanitas, 37000 Tours, repr\u00e9sent\u00e9e par Le Pr\u00e9sident de l&rsquo;association d\u00fbment habilit\u00e9(e)<\/p>\n<h4>H\u00e9bergement<\/h4>\n<p>Le Site est h\u00e9berg\u00e9 par la soci\u00e9t\u00e9 1&#038;1 \/ IONOS, situ\u00e9 7 Place de la Gare &#8211; 57200 Sarreguemines, (contact t\u00e9l\u00e9phonique ou email : (+33) 9 70 80 89 11).<\/p>\n<\/h4>\n<h4>Directeur de publication<\/h4>\n<p>Le Directeur de la publication du Site est le pr\u00e9sident de l&rsquo;association.<\/p>\n<h4>Nous contacter<\/h4>\n<p>Par t\u00e9l\u00e9phone :  +33 7 50 53 98 17<br \/>\nPar email : bonjour-informatique@asso-info.org<br \/>\nPar courrier : 94 Rue du Sanitas, 37000 Tours<\/p>\n<p><i>G\u00e9n\u00e9ration des mentions l\u00e9gales par Legalstart<\/i><\/p>\n\n\t\t<\/div>\n\t\t\t\t\t<\/div>\n\n\t\n\n<\/div>\n\n","protected":false},"excerpt":{"rendered":"","protected":false},"author":4,"featured_media":0,"parent":298,"menu_order":0,"comment_status":"closed","ping_status":"closed","template":"page-blank.php","meta":{"footnotes":""},"class_list":["post-1669","page","type-page","status-publish","hentry"],"yoast_head":"<!-- This site is optimized with the Yoast SEO plugin v27.1.1 - https:\/\/yoast.com\/product\/yoast-seo-wordpress\/ -->\n<title>mentionlegale - Informatique Participative<\/title>\n<meta name=\"robots\" content=\"index, follow, max-snippet:-1, max-image-preview:large, max-video-preview:-1\" \/>\n<link rel=\"canonical\" href=\"https:\/\/asso-info.org\/?page_id=1669\" \/>\n<meta property=\"og:locale\" content=\"fr_FR\" \/>\n<meta property=\"og:type\" content=\"article\" \/>\n<meta property=\"og:title\" content=\"mentionlegale - Informatique Participative\" \/>\n<meta property=\"og:url\" content=\"https:\/\/asso-info.org\/?page_id=1669\" \/>\n<meta property=\"og:site_name\" content=\"Informatique Participative\" \/>\n<meta property=\"article:modified_time\" content=\"2026-03-01T16:32:53+00:00\" \/>\n<meta name=\"twitter:card\" content=\"summary_large_image\" \/>\n<meta name=\"twitter:label1\" content=\"Dur\u00e9e de lecture estim\u00e9e\" \/>\n\t<meta name=\"twitter:data1\" content=\"1 minute\" \/>\n<script type=\"application\/ld+json\" class=\"yoast-schema-graph\">{\"@context\":\"https:\/\/schema.org\",\"@graph\":[{\"@type\":\"WebPage\",\"@id\":\"https:\/\/asso-info.org\/?page_id=1669\",\"url\":\"https:\/\/asso-info.org\/?page_id=1669\",\"name\":\"mentionlegale - Informatique Participative\",\"isPartOf\":{\"@id\":\"https:\/\/asso-info.org\/#website\"},\"datePublished\":\"2026-02-24T10:04:42+00:00\",\"dateModified\":\"2026-03-01T16:32:53+00:00\",\"breadcrumb\":{\"@id\":\"https:\/\/asso-info.org\/?page_id=1669#breadcrumb\"},\"inLanguage\":\"fr-FR\",\"potentialAction\":[{\"@type\":\"ReadAction\",\"target\":[\"https:\/\/asso-info.org\/?page_id=1669\"]}]},{\"@type\":\"BreadcrumbList\",\"@id\":\"https:\/\/asso-info.org\/?page_id=1669#breadcrumb\",\"itemListElement\":[{\"@type\":\"ListItem\",\"position\":1,\"name\":\"Accueil\",\"item\":\"https:\/\/asso-info.org\/\"},{\"@type\":\"ListItem\",\"position\":2,\"name\":\"Informatique\",\"item\":\"https:\/\/asso-info.org\/\"},{\"@type\":\"ListItem\",\"position\":3,\"name\":\"mentionlegale\"}]},{\"@type\":\"WebSite\",\"@id\":\"https:\/\/asso-info.org\/#website\",\"url\":\"https:\/\/asso-info.org\/\",\"name\":\"Informatique Participative\",\"description\":\"NumEtik &amp; Solidaire\",\"publisher\":{\"@id\":\"https:\/\/asso-info.org\/#organization\"},\"potentialAction\":[{\"@type\":\"SearchAction\",\"target\":{\"@type\":\"EntryPoint\",\"urlTemplate\":\"https:\/\/asso-info.org\/?s={search_term_string}\"},\"query-input\":{\"@type\":\"PropertyValueSpecification\",\"valueRequired\":true,\"valueName\":\"search_term_string\"}}],\"inLanguage\":\"fr-FR\"},{\"@type\":\"Organization\",\"@id\":\"https:\/\/asso-info.org\/#organization\",\"name\":\"Informatique Participative\",\"url\":\"https:\/\/asso-info.org\/\",\"logo\":{\"@type\":\"ImageObject\",\"inLanguage\":\"fr-FR\",\"@id\":\"https:\/\/asso-info.org\/#\/schema\/logo\/image\/\",\"url\":\"https:\/\/asso-info.org\/wp-content\/uploads\/2026\/01\/logo.png\",\"contentUrl\":\"https:\/\/asso-info.org\/wp-content\/uploads\/2026\/01\/logo.png\",\"width\":380,\"height\":348,\"caption\":\"Informatique Participative\"},\"image\":{\"@id\":\"https:\/\/asso-info.org\/#\/schema\/logo\/image\/\"}}]}<\/script>\n<!-- \/ Yoast SEO plugin. -->","yoast_head_json":{"title":"mentionlegale - Informatique Participative","robots":{"index":"index","follow":"follow","max-snippet":"max-snippet:-1","max-image-preview":"max-image-preview:large","max-video-preview":"max-video-preview:-1"},"canonical":"https:\/\/asso-info.org\/?page_id=1669","og_locale":"fr_FR","og_type":"article","og_title":"mentionlegale - Informatique Participative","og_url":"https:\/\/asso-info.org\/?page_id=1669","og_site_name":"Informatique Participative","article_modified_time":"2026-03-01T16:32:53+00:00","twitter_card":"summary_large_image","twitter_misc":{"Dur\u00e9e de lecture estim\u00e9e":"1 minute"},"schema":{"@context":"https:\/\/schema.org","@graph":[{"@type":"WebPage","@id":"https:\/\/asso-info.org\/?page_id=1669","url":"https:\/\/asso-info.org\/?page_id=1669","name":"mentionlegale - Informatique Participative","isPartOf":{"@id":"https:\/\/asso-info.org\/#website"},"datePublished":"2026-02-24T10:04:42+00:00","dateModified":"2026-03-01T16:32:53+00:00","breadcrumb":{"@id":"https:\/\/asso-info.org\/?page_id=1669#breadcrumb"},"inLanguage":"fr-FR","potentialAction":[{"@type":"ReadAction","target":["https:\/\/asso-info.org\/?page_id=1669"]}]},{"@type":"BreadcrumbList","@id":"https:\/\/asso-info.org\/?page_id=1669#breadcrumb","itemListElement":[{"@type":"ListItem","position":1,"name":"Accueil","item":"https:\/\/asso-info.org\/"},{"@type":"ListItem","position":2,"name":"Informatique","item":"https:\/\/asso-info.org\/"},{"@type":"ListItem","position":3,"name":"mentionlegale"}]},{"@type":"WebSite","@id":"https:\/\/asso-info.org\/#website","url":"https:\/\/asso-info.org\/","name":"Informatique Participative","description":"NumEtik &amp; Solidaire","publisher":{"@id":"https:\/\/asso-info.org\/#organization"},"potentialAction":[{"@type":"SearchAction","target":{"@type":"EntryPoint","urlTemplate":"https:\/\/asso-info.org\/?s={search_term_string}"},"query-input":{"@type":"PropertyValueSpecification","valueRequired":true,"valueName":"search_term_string"}}],"inLanguage":"fr-FR"},{"@type":"Organization","@id":"https:\/\/asso-info.org\/#organization","name":"Informatique Participative","url":"https:\/\/asso-info.org\/","logo":{"@type":"ImageObject","inLanguage":"fr-FR","@id":"https:\/\/asso-info.org\/#\/schema\/logo\/image\/","url":"https:\/\/asso-info.org\/wp-content\/uploads\/2026\/01\/logo.png","contentUrl":"https:\/\/asso-info.org\/wp-content\/uploads\/2026\/01\/logo.png","width":380,"height":348,"caption":"Informatique Participative"},"image":{"@id":"https:\/\/asso-info.org\/#\/schema\/logo\/image\/"}}]}},"_links":{"self":[{"href":"https:\/\/asso-info.org\/index.php?rest_route=\/wp\/v2\/pages\/1669","targetHints":{"allow":["GET"]}}],"collection":[{"href":"https:\/\/asso-info.org\/index.php?rest_route=\/wp\/v2\/pages"}],"about":[{"href":"https:\/\/asso-info.org\/index.php?rest_route=\/wp\/v2\/types\/page"}],"author":[{"embeddable":true,"href":"https:\/\/asso-info.org\/index.php?rest_route=\/wp\/v2\/users\/4"}],"replies":[{"embeddable":true,"href":"https:\/\/asso-info.org\/index.php?rest_route=%2Fwp%2Fv2%2Fcomments&post=1669"}],"version-history":[{"count":5,"href":"https:\/\/asso-info.org\/index.php?rest_route=\/wp\/v2\/pages\/1669\/revisions"}],"predecessor-version":[{"id":1877,"href":"https:\/\/asso-info.org\/index.php?rest_route=\/wp\/v2\/pages\/1669\/revisions\/1877"}],"up":[{"embeddable":true,"href":"https:\/\/asso-info.org\/index.php?rest_route=\/wp\/v2\/pages\/298"}],"wp:attachment":[{"href":"https:\/\/asso-info.org\/index.php?rest_route=%2Fwp%2Fv2%2Fmedia&parent=1669"}],"curies":[{"name":"wp","href":"https:\/\/api.w.org\/{rel}","templated":true}]}}