{"id":2248,"date":"2026-05-08T12:10:06","date_gmt":"2026-05-08T12:10:06","guid":{"rendered":"https:\/\/asso-info.org\/?page_id=2248"},"modified":"2026-05-08T16:55:49","modified_gmt":"2026-05-08T16:55:49","slug":"informatique-pour-tous","status":"publish","type":"page","link":"https:\/\/asso-info.org\/?page_id=2248","title":{"rendered":"programme informatique pour tous"},"content":{"rendered":"\n\n  <div class=\"banner has-hover\" id=\"banner-1165222706\">\n          <div class=\"banner-inner fill\">\n        <div class=\"banner-bg fill\" >\n            <img loading=\"lazy\" decoding=\"async\" width=\"2560\" height=\"1707\" src=\"https:\/\/asso-info.org\/wp-content\/uploads\/2026\/05\/pexels-polina-zimmerman-3747486-scaled.jpg\" class=\"bg attachment-original size-original\" alt=\"\" \/>                                    \n                    <\/div>\n\t\t\n        <div class=\"banner-layers container\">\n            <div class=\"fill banner-link\"><\/div>            \n\n   <div id=\"text-box-865561616\" class=\"text-box banner-layer x50 md-x50 lg-x50 y50 md-y50 lg-y50 res-text\">\n                                <div class=\"text-box-content text dark\">\n              \n              <div class=\"text-inner text-center\">\n                  \n\n\n              <\/div>\n           <\/div>\n                            \n<style>\n#text-box-865561616 {\n  width: 60%;\n}\n#text-box-865561616 .text-box-content {\n  font-size: 100%;\n}\n@media (min-width:550px) {\n  #text-box-865561616 {\n    width: 60%;\n  }\n}\n<\/style>\n    <\/div>\n \n\n        <\/div>\n      <\/div>\n\n            \n<style>\n#banner-1165222706 {\n  padding-top: 507px;\n  background-color: rgb(255,255,255);\n}\n<\/style>\n  <\/div>\n\n\n<div class=\"row align-center\"  id=\"row-710985374\">\n\n\n\t<div id=\"col-1523496096\" class=\"col small-12 large-12\"  >\n\t\t\t\t<div class=\"col-inner\"  >\n\t\t\t\n\t\t\t\n\n\t<div id=\"text-3883729383\" class=\"text\">\n\t\t\n\n<p class=\"lead text-center\">Programme de distribution \u00a0\u00bb Informatique Pour Tous\u00a0\u00bb<\/p>\n\t\t\n<style>\n#text-3883729383 {\n  font-size: 0.75rem;\n  text-align: center;\n}\n@media (min-width:550px) {\n  #text-3883729383 {\n    font-size: 1.6rem;\n  }\n}\n<\/style>\n\t<\/div>\n\t\n\t<div id=\"text-1496685590\" class=\"text\">\n\t\t\n\n<p>Le programme \u00ab\u00a0Informatique Pour Tous\u00a0\u00bb est un programme sp\u00e9cifique de distribution d&rsquo;ordinateurs propos\u00e9<br \/>par Informatique Participative dans le cadre des contrats de ville.<\/p>\n<p>Ce programme de distribution est r\u00e9gi par le soutien financier du service politique de la ville<br \/>\n(\u00e9tat et m\u00e9tropole) ainsi que par des administrations et collectivit\u00e9s territoriales.<\/p>\n<p>Informatique Participative essaie de r\u00e9pondre \u00e0 toutes les demandes dans la limite des stocks de mat\u00e9riel ainsi que du<br \/>\nsoutien financier qu&rsquo;elle re\u00e7oit et ce programme  repose sur le temps d&rsquo;\u00e9change que la structure a avec la personne qu&rsquo;elle accompagne<br \/>\npour identifier son besoin (besoin du num\u00e9rique dans un parcours de formation, d\u00e9marches administratives, insertion, etc).<\/p>\n\n\t\t\n<style>\n#text-1496685590 {\n  font-size: 0.95rem;\n  text-align: center;\n}\n@media (min-width:550px) {\n  #text-1496685590 {\n    font-size: 1.1rem;\n  }\n}\n<\/style>\n\t<\/div>\n\t\n<div class=\"text-center\"><div class=\"is-divider divider clearfix\" style=\"max-width:100px;background-color:rgb(0, 182, 181);\"><\/div><\/div>\n\n\t<div id=\"text-84639243\" class=\"text\">\n\t\t\n\n<p>Son principe et fonctionnement sont simples.<\/p>\n\n\t\t\n<style>\n#text-84639243 {\n  font-size: 0.95rem;\n  text-align: center;\n}\n@media (min-width:550px) {\n  #text-84639243 {\n    font-size: 1.1rem;\n  }\n}\n<\/style>\n\t<\/div>\n\t\n\n\t\t<\/div>\n\t\t\t\t\t<\/div>\n\n\t\n\n<\/div>\n<div class=\"row row-large\"  id=\"row-1721593674\">\n\n\n\t<div id=\"col-293788851\" class=\"col small-12 large-12 has-hover col-hover-focus\"  >\n\t\t\t\t<div class=\"col-inner box-shadow-5-hover\"  >\n\t\t\t\n\t<div class=\"is-border hover-fade-in\"\n\t\tstyle=\"border-color:rgb(248, 156, 177);border-width:3px 3px 3px 3px;\">\n\t<\/div>\n\t\t\t\n\n\n\t\t<div class=\"icon-box featured-box icon-box-left text-left\"  >\n\t\t\t\t\t<div class=\"icon-box-img has-icon-bg\" style=\"width: 60px\">\n\t\t\t\t<div class=\"icon\">\n\t\t\t\t\t<div class=\"icon-inner\" style=\"border-width:4px;color:rgb(0, 182, 181);\">\n\t\t\t\t\t\t<img loading=\"lazy\" decoding=\"async\" width=\"1\" height=\"1\" src=\"https:\/\/asso-info.org\/wp-content\/uploads\/2026\/05\/number-1-svgrepo-com.svg\" class=\"attachment-medium size-medium\" alt=\"\" \/>\t\t\t\t\t<\/div>\n\t\t\t\t<\/div>\n\t\t\t<\/div>\n\t\t\t\t<div class=\"icon-box-text last-reset\">\n\t\t\t\t\t\t\t\t\t\n\n<h2>Identification des besoins<\/h2>\n<p>Une structure professionnelle de l&rsquo;accompagnement social (MDS, r\u00e9f\u00e9rent(e)s RSA, centre social, etc) identifie un frein \u00e0 lever chez un(e) de ses b\u00e9n\u00e9ficiaires.<br \/>\nQuand le frein \u00e0 lever est d&rsquo;ordre num\u00e9rique et que la personne r\u00e9pond aux crit\u00e8res de r\u00e9sidence en QPV (<b>Q<\/b>uartiers <b>P<\/b>rioritaire de la <b>V<\/b>ille) ou b\u00e9n\u00e9ficiaire du RSA, ou d&rsquo;une reconnaissance RQTH, une demande peut \u00eatre faite \u00e0 l&rsquo;association.<\/p>\n\n\n\t\t<\/div>\n\t<\/div>\n\t\n\t\n\n\t\t<\/div>\n\t\t\t\t\n<style>\n#col-293788851 > .col-inner {\n  padding: 5px 5px 5px 5px;\n}\n<\/style>\n\t<\/div>\n\n\t\n\n\t<div id=\"col-1551032644\" class=\"col small-12 large-12 has-hover col-hover-focus\"  >\n\t\t\t\t<div class=\"col-inner box-shadow-5-hover\"  >\n\t\t\t\n\t<div class=\"is-border hover-fade-in\"\n\t\tstyle=\"border-color:rgb(248, 156, 177);border-width:3px 3px 3px 3px;\">\n\t<\/div>\n\t\t\t\n\n\n\t\t<div class=\"icon-box featured-box icon-box-left text-left\"  >\n\t\t\t\t\t<div class=\"icon-box-img has-icon-bg\" style=\"width: 60px\">\n\t\t\t\t<div class=\"icon\">\n\t\t\t\t\t<div class=\"icon-inner\" style=\"border-width:4px;color:rgb(0, 182, 181);\">\n\t\t\t\t\t\t<img loading=\"lazy\" decoding=\"async\" width=\"1\" height=\"1\" src=\"https:\/\/asso-info.org\/wp-content\/uploads\/2026\/05\/number-2-svgrepo-com.svg\" class=\"attachment-medium size-medium\" alt=\"\" \/>\t\t\t\t\t<\/div>\n\t\t\t\t<\/div>\n\t\t\t<\/div>\n\t\t\t\t<div class=\"icon-box-text last-reset\">\n\t\t\t\t\t\t\t\t\t\n\n<h2>Faire la demande<\/h2>\n<p>La demande se fait par <a href=\"mailto:bonjour-informatique@asso-info.org?subject=Demande Informatique Pour Tous depuis le site\"> l&rsquo;envoi d&rsquo;un simple mail<\/a> en indiquant, <b>obligatoirement<\/b>, le nom, pr\u00e9nom, adresse postale, num\u00e9ro de t\u00e9l\u00e9phone de la personne ainsi que sa situation, reconnaissance RQTH ou RSA (cette information nous permet d&rsquo;orienter le financement public vers le bon interlocuteur).<\/p>\n<p>\u00c0 r\u00e9ception du mail, nous inscrivons la demande dans notre syst\u00e8me de suivi des distributions et suivant la demande ainsi que notre stock, nous appelons la personne pour prendre un rendez-vous afin de distribuer l&rsquo;ordinateur.<br \/>\nSuivant la demande et le stock, il se peut que nous appelions la personne pour lui proposer une alternative concernant le mat\u00e9riel.<\/p>\n<p><b>Il ne faut pas h\u00e9siter \u00e0 pr\u00e9venir la personne accompagn\u00e9e que le temps de traitement de la demande peut prendre plusieurs semaines.<\/b><\/p>\n\n\n\t\t<\/div>\n\t<\/div>\n\t\n\t\n\n\t\t<\/div>\n\t\t\t\t\n<style>\n#col-1551032644 > .col-inner {\n  padding: 5px 5px 5px 5px;\n}\n<\/style>\n\t<\/div>\n\n\t\n\n\t<div id=\"col-426946252\" class=\"col small-12 large-12 has-hover col-hover-focus\"  >\n\t\t\t\t<div class=\"col-inner box-shadow-5-hover\"  >\n\t\t\t\n\t<div class=\"is-border hover-fade-in\"\n\t\tstyle=\"border-color:rgb(248, 156, 177);border-width:3px 3px 3px 3px;\">\n\t<\/div>\n\t\t\t\n\n\n\t\t<div class=\"icon-box featured-box icon-box-left text-left\"  >\n\t\t\t\t\t<div class=\"icon-box-img has-icon-bg\" style=\"width: 60px\">\n\t\t\t\t<div class=\"icon\">\n\t\t\t\t\t<div class=\"icon-inner\" style=\"border-width:4px;color:rgb(0, 182, 181);\">\n\t\t\t\t\t\t<img loading=\"lazy\" decoding=\"async\" width=\"1\" height=\"1\" src=\"https:\/\/asso-info.org\/wp-content\/uploads\/2026\/05\/number-3-svgrepo-com.svg\" class=\"attachment-medium size-medium\" alt=\"\" \/>\t\t\t\t\t<\/div>\n\t\t\t\t<\/div>\n\t\t\t<\/div>\n\t\t\t\t<div class=\"icon-box-text last-reset\">\n\t\t\t\t\t\t\t\t\t\n\n<h2>La distribution<\/h2>\n<p>Une date de rendez-vous est fix\u00e9 et la personne vient.<\/p>\n<p>\nNous avons un temps d&rsquo;accompagnement avec la personne pour la prise en main de l&rsquo;ordinateur et nous r\u00e9pondons \u00e0 toutes ses questions.<br \/>\nTous nos ordinateurs sont \u00e9quip\u00e9s de Linux, d&rsquo;une suite bureautique ainsi qu&rsquo;un navigateur pour aller sur le Web. Ils r\u00e9pondent \u00e0 100% d&rsquo;un usage bureautique.<\/p>\n\n\n\t\t<\/div>\n\t<\/div>\n\t\n\t\n\n\t\t<\/div>\n\t\t\t\t\n<style>\n#col-426946252 > .col-inner {\n  padding: 5px 5px 5px 5px;\n}\n<\/style>\n\t<\/div>\n\n\t\n\n\t<div id=\"col-1362908756\" class=\"col small-12 large-12 has-hover col-hover-focus\"  >\n\t\t\t\t<div class=\"col-inner box-shadow-5-hover\"  >\n\t\t\t\n\t<div class=\"is-border hover-fade-in\"\n\t\tstyle=\"border-color:rgb(248, 156, 177);border-width:3px 3px 3px 3px;\">\n\t<\/div>\n\t\t\t\n\n\n\t\t<div class=\"icon-box featured-box icon-box-left text-left\"  >\n\t\t\t\t\t<div class=\"icon-box-img has-icon-bg\" style=\"width: 60px\">\n\t\t\t\t<div class=\"icon\">\n\t\t\t\t\t<div class=\"icon-inner\" style=\"border-width:4px;color:rgb(0, 182, 181);\">\n\t\t\t\t\t\t<img loading=\"lazy\" decoding=\"async\" width=\"1\" height=\"1\" src=\"https:\/\/asso-info.org\/wp-content\/uploads\/2026\/05\/number-4-svgrepo-com.svg\" class=\"attachment-medium size-medium\" alt=\"\" \/>\t\t\t\t\t<\/div>\n\t\t\t\t<\/div>\n\t\t\t<\/div>\n\t\t\t\t<div class=\"icon-box-text last-reset\">\n\t\t\t\t\t\t\t\t\t\n\n<h2>L&rsquo;adh\u00e9sion<\/h2>\n<p>Le temps de l&rsquo;administratif est arriv\u00e9 !<br \/>\nLa personne remplie le formulaire d&rsquo;adh\u00e9sion et s&rsquo;acquitte de la participation financi\u00e8re (esp\u00e8ce, ch\u00e8que ou CB).<\/p>\n<p><b>50\u20ac<\/b> -> 15\u20ac d&rsquo;adh\u00e9sion + 35\u20ac pour l&rsquo;ordinateur. Plus d&rsquo;informations sur l&rsquo;adh\u00e9sion ainsi que la participation est disponible sur <a href=\"https:\/\/asso-info.org\/?page_id=685\">cette page<\/a><\/p>\n\n\n\t\t<\/div>\n\t<\/div>\n\t\n\t\n\n\t\t<\/div>\n\t\t\t\t\n<style>\n#col-1362908756 > .col-inner {\n  padding: 5px 5px 5px 5px;\n}\n<\/style>\n\t<\/div>\n\n\t\n\n\n<style>\n#row-1721593674 > .col > .col-inner {\n  padding: 10px 10px 10px 10px;\n}\n<\/style>\n<\/div>\n\n","protected":false},"excerpt":{"rendered":"","protected":false},"author":4,"featured_media":278,"parent":298,"menu_order":0,"comment_status":"closed","ping_status":"closed","template":"page-blank.php","meta":{"footnotes":""},"class_list":["post-2248","page","type-page","status-publish","has-post-thumbnail","hentry"],"_links":{"self":[{"href":"https:\/\/asso-info.org\/index.php?rest_route=\/wp\/v2\/pages\/2248","targetHints":{"allow":["GET"]}}],"collection":[{"href":"https:\/\/asso-info.org\/index.php?rest_route=\/wp\/v2\/pages"}],"about":[{"href":"https:\/\/asso-info.org\/index.php?rest_route=\/wp\/v2\/types\/page"}],"author":[{"embeddable":true,"href":"https:\/\/asso-info.org\/index.php?rest_route=\/wp\/v2\/users\/4"}],"replies":[{"embeddable":true,"href":"https:\/\/asso-info.org\/index.php?rest_route=%2Fwp%2Fv2%2Fcomments&post=2248"}],"version-history":[{"count":24,"href":"https:\/\/asso-info.org\/index.php?rest_route=\/wp\/v2\/pages\/2248\/revisions"}],"predecessor-version":[{"id":2279,"href":"https:\/\/asso-info.org\/index.php?rest_route=\/wp\/v2\/pages\/2248\/revisions\/2279"}],"up":[{"embeddable":true,"href":"https:\/\/asso-info.org\/index.php?rest_route=\/wp\/v2\/pages\/298"}],"wp:featuredmedia":[{"embeddable":true,"href":"https:\/\/asso-info.org\/index.php?rest_route=\/"}],"wp:attachment":[{"href":"https:\/\/asso-info.org\/index.php?rest_route=%2Fwp%2Fv2%2Fmedia&parent=2248"}],"curies":[{"name":"wp","href":"https:\/\/api.w.org\/{rel}","templated":true}]}}