{"id":356,"date":"2013-08-11T19:06:15","date_gmt":"2013-08-11T19:06:15","guid":{"rendered":"http:\/\/localhost:8888\/test\/?page_id=520"},"modified":"2026-03-01T16:32:31","modified_gmt":"2026-03-01T16:32:31","slug":"equipe","status":"publish","type":"page","link":"https:\/\/asso-info.org\/?page_id=356","title":{"rendered":"L&rsquo;\u00c9quipe"},"content":{"rendered":"\n\n  <div class=\"banner has-hover has-parallax\" id=\"banner-420291471\">\n          <div class=\"banner-inner fill\">\n        <div class=\"banner-bg fill\" data-parallax=\"-3\" data-parallax-container=\".banner\" data-parallax-background>\n            <img loading=\"lazy\" decoding=\"async\" width=\"2560\" height=\"819\" src=\"https:\/\/asso-info.org\/wp-content\/uploads\/2026\/01\/shutterstock_373751488-scaled.jpg\" class=\"bg attachment-original size-original\" alt=\"\" \/>                                    \n                    <\/div>\n\t\t\n        <div class=\"banner-layers container\">\n            <div class=\"fill banner-link\"><\/div>            \n\n   <div id=\"text-box-2141458652\" class=\"text-box banner-layer x50 md-x50 lg-x50 y50 md-y50 lg-y50 res-text\">\n                                <div class=\"text-box-content text dark\">\n              \n              <div class=\"text-inner text-center\">\n                  \n\n\n              <\/div>\n           <\/div>\n                            \n<style>\n#text-box-2141458652 {\n  width: 60%;\n}\n#text-box-2141458652 .text-box-content {\n  font-size: 100%;\n}\n@media (min-width:550px) {\n  #text-box-2141458652 {\n    width: 60%;\n  }\n}\n<\/style>\n    <\/div>\n \n\n        <\/div>\n      <\/div>\n\n            \n<style>\n#banner-420291471 {\n  padding-top: 507px;\n  background-color: rgb(255,255,255);\n}\n<\/style>\n  <\/div>\n\n\n<div class=\"row\"  id=\"row-1761656754\">\n\n\n\t<div id=\"col-1621035082\" class=\"col small-12 large-12\"  >\n\t\t\t\t<div class=\"col-inner\"  >\n\t\t\t\n\t\t\t\n\n<p class=\"lead text-center\">Que l&rsquo;on soit b\u00e9n\u00e9vole, membre du Conseil d&rsquo;Administration, stagiaire ou salari\u00e9, tout le monde apporte son expertise dans tous les champs d&rsquo;actions de l&rsquo;association et tout le monde a une place importante dans son organisation et fonctionnement.<\/p>\n<p class=\"lead text-center\">Un grand <b>MERCI<\/b> \u00e0 toutes ces personnes qui donnent de leur temps.<\/p>\n\n\t\t<\/div>\n\t\t\t\t\t<\/div>\n\n\t\n\n<\/div>\n<div class=\"row\"  id=\"row-1499371857\">\n\n\n\t<div id=\"col-2088777927\" class=\"col medium-6 small-12 large-6\"  >\n\t\t\t\t<div class=\"col-inner\"  >\n\t\t\t\n\t\t\t\n\n\t<div class=\"img has-hover x md-x lg-x y md-y lg-y\" id=\"image_1823511412\">\n\t\t\t\t\t\t\t\t<div class=\"img-inner dark\" >\n\t\t\t<img loading=\"lazy\" decoding=\"async\" width=\"2560\" height=\"1707\" src=\"https:\/\/asso-info.org\/wp-content\/uploads\/2026\/02\/pexels-mick-di-perretta-740727988-18536349-scaled.jpg\" class=\"attachment-original size-original\" alt=\"\" \/>\t\t\t\t\t\t\n\t\t\t\t\t<\/div>\n\t\t\t\t\t\t\t\t\n<style>\n#image_1823511412 {\n  width: 100%;\n}\n<\/style>\n\t<\/div>\n\t\n\n\n\t\t<\/div>\n\t\t\t\t\t<\/div>\n\n\t\n\n\t<div id=\"col-2036237800\" class=\"col medium-6 small-12 large-6\"  >\n\t\t\t\t<div class=\"col-inner\"  >\n\t\t\t\n\t\t\t\n\n<h4>Les B\u00e9n\u00e9voles<\/h4>\n<p>Bien s\u00fbr, comme dans toutes les associations, les b\u00e9n\u00e9voles ont une place importante, ce sont eux qui participent au reconditionnement, \u00e0 la pr\u00e9paration et r\u00e9parations des ordinateurs, aux permanences et accompagnements.<br \/>\nLe b\u00e9n\u00e9volat ne s&rsquo;arr\u00eate pas \u00e0 des taches techniques, il est aussi possible de s&rsquo;occuper de l&rsquo;administratif, de la r\u00e9daction de mode op\u00e9ratoire, de la communication graphique, de la vie sur les r\u00e9seaux sociaux, d\u2019animer des ateliers collectif, d&rsquo;assurer la pr\u00e9sence d&rsquo;Informatique Participative dans les forums, etc&#8230;<\/p>\n<p>Le b\u00e9n\u00e9vole Informatique Participative est toujours pr\u00e9sent pour distiller son exp\u00e9rience aussi bien aux adh\u00e9rent(e)s qu&rsquo;aux stagiaires dans la bonne humeur. <\/p>\n\n\t\t<\/div>\n\t\t\t\t\t<\/div>\n\n\t\n\n<\/div>\n<div class=\"text-center\"><div class=\"is-divider divider clearfix\" style=\"max-width:100px;background-color:rgb(0, 182, 181);\"><\/div><\/div>\n\n<div class=\"row\"  id=\"row-1803228912\">\n\n\n\t<div id=\"col-67692855\" class=\"col medium-6 small-12 large-6\"  >\n\t\t\t\t<div class=\"col-inner\"  >\n\t\t\t\n\t\t\t\n\n\t<div class=\"img has-hover x md-x lg-x y md-y lg-y\" id=\"image_1322995778\">\n\t\t\t\t\t\t\t\t<div class=\"img-inner dark\" >\n\t\t\t<img loading=\"lazy\" decoding=\"async\" width=\"480\" height=\"320\" src=\"https:\/\/asso-info.org\/wp-content\/uploads\/2026\/01\/business-office-meetings-marketing-thumbnail-3268569469.jpg\" class=\"attachment-original size-original\" alt=\"\" \/>\t\t\t\t\t\t\n\t\t\t\t\t<\/div>\n\t\t\t\t\t\t\t\t\n<style>\n#image_1322995778 {\n  width: 100%;\n}\n<\/style>\n\t<\/div>\n\t\n\n\n\t\t<\/div>\n\t\t\t\t\t<\/div>\n\n\t\n\n\t<div id=\"col-661665795\" class=\"col medium-6 small-12 large-6\"  >\n\t\t\t\t<div class=\"col-inner\"  >\n\t\t\t\n\t\t\t\n\n<h4>Le Conseil d&rsquo;Administration<\/h4>\n<p>L&rsquo;association a fait un choix de gouvernance \u00ab\u00a0traditionnelle\u00a0\u00bb, \u00e0 savoir pr\u00e9sident(e), tr\u00e9sorier(e) et secr\u00e9taire.<br \/>\nCes trois personnes ainsi que les administrateurs(trices) forment le Conseil d&rsquo;Administration.<br \/>\nToutes et tous sont \u00e9lu(e)s lors de l&rsquo;assembl\u00e9e g\u00e9n\u00e9rale. C&rsquo;est un organe de d\u00e9cision, son r\u00f4le est de fixer les orientations principales et de statuer sur la vie de l&rsquo;association. Il peut arriver que certain(e) administrateurs(trices) endossent le r\u00f4le de Tuteur ou de Maitre d&rsquo;Alternance.<br \/>\nPour \u00eatre au plus pr\u00e8s des salari\u00e9s et b\u00e9n\u00e9voles, ils et elles viennent r\u00e9guli\u00e8rement \u00e0 l&rsquo;association pour apporter leurs conseils, bonne humeur, les croissants, signer les documents, v\u00e9rifier la comptabilit\u00e9. En plus de ces rencontres les administrateurs(trices) se rencontrent de mani\u00e8re formelle 4 fois l&rsquo;ann\u00e9e. Ces r\u00e9unions permettent de faire le point, avec le personnel permanent si n\u00e9cessaire.<\/p>\n\n\t\t<\/div>\n\t\t\t\t\t<\/div>\n\n\t\n\n<\/div>\n<div class=\"text-center\"><div class=\"is-divider divider clearfix\" style=\"max-width:100px;background-color:rgb(0, 182, 181);\"><\/div><\/div>\n\n<div class=\"row align-center\"  id=\"row-402096698\">\n\n\n\t<div id=\"col-2056798885\" class=\"col medium-6 small-12 large-6\"  >\n\t\t\t\t<div class=\"col-inner\"  >\n\t\t\t\n\t\t\t\n\n\t<div class=\"img has-hover x md-x lg-x y md-y lg-y\" id=\"image_1916518339\">\n\t\t\t\t\t\t\t\t<div class=\"img-inner dark\" >\n\t\t\t<img loading=\"lazy\" decoding=\"async\" width=\"2560\" height=\"1709\" src=\"https:\/\/asso-info.org\/wp-content\/uploads\/2026\/02\/pexels-kieutruongphoto-15554492-scaled.jpg\" class=\"attachment-original size-original\" alt=\"\" srcset=\"https:\/\/asso-info.org\/wp-content\/uploads\/2026\/02\/pexels-kieutruongphoto-15554492-scaled.jpg 2560w, https:\/\/asso-info.org\/wp-content\/uploads\/2026\/02\/pexels-kieutruongphoto-15554492-599x400.jpg 599w, https:\/\/asso-info.org\/wp-content\/uploads\/2026\/02\/pexels-kieutruongphoto-15554492-1199x800.jpg 1199w, https:\/\/asso-info.org\/wp-content\/uploads\/2026\/02\/pexels-kieutruongphoto-15554492-768x513.jpg 768w, https:\/\/asso-info.org\/wp-content\/uploads\/2026\/02\/pexels-kieutruongphoto-15554492-1536x1025.jpg 1536w, https:\/\/asso-info.org\/wp-content\/uploads\/2026\/02\/pexels-kieutruongphoto-15554492-2048x1367.jpg 2048w, https:\/\/asso-info.org\/wp-content\/uploads\/2026\/02\/pexels-kieutruongphoto-15554492-600x401.jpg 600w\" sizes=\"auto, (max-width: 2560px) 100vw, 2560px\" \/>\t\t\t\t\t\t\n\t\t\t\t\t<\/div>\n\t\t\t\t\t\t\t\t\n<style>\n#image_1916518339 {\n  width: 100%;\n}\n<\/style>\n\t<\/div>\n\t\n\n\n\t\t<\/div>\n\t\t\t\t\t<\/div>\n\n\t\n\n\t<div id=\"col-1944490837\" class=\"col medium-6 small-12 large-6\"  >\n\t\t\t\t<div class=\"col-inner text-left\"  >\n\t\t\t\n\t\t\t\n\n<h4>Les Stagiaires<\/h4>\n<p>L\u2019association prend plaisir \u00e0 accueillir des stagiaires. Ces p\u00e9riodes, de 1 \u00e0 3 semaines, permettent \u00e0 chacun(e) de d\u00e9couvrir, confirmer et valider leur projet professionnel.<br \/>\nL&rsquo;association acceuille les stagiaires en \u00e9troite collaboration avec la Mission Locale de Touraine ainsi que le GRETA Centre Val de Loire; Cette \u00e9tape se fait sous divers formats : PMSMP, stage de fin de formation.<\/p>\n<p>Les stages se sont exclusivement sur les domaines du reconditionnement (TAI), de la m\u00e9diation ou de la communication<\/p>\n\n\t\t<\/div>\n\t\t\t\t\n<style>\n#col-1944490837 > .col-inner {\n  padding: 0px 0px 0px 0px;\n}\n<\/style>\n\t<\/div>\n\n\t\n\n<\/div>\n<div class=\"text-center\"><div class=\"is-divider divider clearfix\" style=\"max-width:100px;background-color:rgb(0, 182, 181);\"><\/div><\/div>\n\n<div class=\"row align-center\"  id=\"row-1487043745\">\n\n\n\t<div id=\"col-172219990\" class=\"col medium-6 small-12 large-6\"  >\n\t\t\t\t<div class=\"col-inner\"  >\n\t\t\t\n\t\t\t\n\n\t<div class=\"img has-hover x md-x lg-x y md-y lg-y\" id=\"image_1332599580\">\n\t\t\t\t\t\t\t\t<div class=\"img-inner dark\" >\n\t\t\t<img loading=\"lazy\" decoding=\"async\" width=\"2560\" height=\"1709\" src=\"https:\/\/asso-info.org\/wp-content\/uploads\/2026\/02\/pexels-mikhail-nilov-7988747-scaled.jpg\" class=\"attachment-original size-original\" alt=\"\" srcset=\"https:\/\/asso-info.org\/wp-content\/uploads\/2026\/02\/pexels-mikhail-nilov-7988747-scaled.jpg 2560w, https:\/\/asso-info.org\/wp-content\/uploads\/2026\/02\/pexels-mikhail-nilov-7988747-599x400.jpg 599w, https:\/\/asso-info.org\/wp-content\/uploads\/2026\/02\/pexels-mikhail-nilov-7988747-1198x800.jpg 1198w, https:\/\/asso-info.org\/wp-content\/uploads\/2026\/02\/pexels-mikhail-nilov-7988747-768x513.jpg 768w, https:\/\/asso-info.org\/wp-content\/uploads\/2026\/02\/pexels-mikhail-nilov-7988747-1536x1025.jpg 1536w, https:\/\/asso-info.org\/wp-content\/uploads\/2026\/02\/pexels-mikhail-nilov-7988747-2048x1367.jpg 2048w, https:\/\/asso-info.org\/wp-content\/uploads\/2026\/02\/pexels-mikhail-nilov-7988747-600x401.jpg 600w\" sizes=\"auto, (max-width: 2560px) 100vw, 2560px\" \/>\t\t\t\t\t\t\n\t\t\t\t\t<\/div>\n\t\t\t\t\t\t\t\t\n<style>\n#image_1332599580 {\n  width: 100%;\n}\n<\/style>\n\t<\/div>\n\t\n\n\n\t\t<\/div>\n\t\t\t\t\t<\/div>\n\n\t\n\n\t<div id=\"col-1141560677\" class=\"col medium-6 small-12 large-6\"  >\n\t\t\t\t<div class=\"col-inner text-left\"  >\n\t\t\t\n\t\t\t\n\n<h4>Le(s) Salari\u00e9(s)<\/h4>\n<p>Fort de leurs exp\u00e9riences dans leur domaine de pr\u00e9dilection, le personnel permanent est form\u00e9 aussi bien de salari\u00e9(s), volontaire en Service Civique ou alternant(e). Cette fine \u00e9quipe est pr\u00e9sente quotidiennement.<br \/>\nIls coordonnent l&rsquo;accueil des stagiaires, b\u00e9n\u00e9voles et adh\u00e9rent(e)s, ils sont au coeur de toutes les activit\u00e9s de l&rsquo;association (administratif, technique, accompagnement, &#8230;). De plus, ils mettent en place les choix strat\u00e9giques fait par les administrateurs.<\/p>\n<p>Les salari\u00e9s sont toujours pr\u00e9sents pour r\u00e9pondre avec calme et bienveillance aux demandes.<\/p>\n\n\t\t<\/div>\n\t\t\t\t\n<style>\n#col-1141560677 > .col-inner {\n  padding: 0px 0px 0px 0px;\n}\n<\/style>\n\t<\/div>\n\n\t\n\n<\/div>\n\n","protected":false},"excerpt":{"rendered":"","protected":false},"author":4,"featured_media":0,"parent":298,"menu_order":0,"comment_status":"closed","ping_status":"closed","template":"page-blank.php","meta":{"footnotes":""},"class_list":["post-356","page","type-page","status-publish","hentry"],"yoast_head":"<!-- This site is optimized with the Yoast SEO plugin v27.1.1 - https:\/\/yoast.com\/product\/yoast-seo-wordpress\/ -->\n<title>L&#039;\u00c9quipe - Informatique Participative<\/title>\n<meta name=\"robots\" content=\"index, follow, max-snippet:-1, max-image-preview:large, max-video-preview:-1\" \/>\n<link rel=\"canonical\" href=\"https:\/\/asso-info.org\/?page_id=356\" \/>\n<meta property=\"og:locale\" content=\"fr_FR\" \/>\n<meta property=\"og:type\" content=\"article\" \/>\n<meta property=\"og:title\" content=\"L&#039;\u00c9quipe - Informatique Participative\" \/>\n<meta property=\"og:url\" content=\"https:\/\/asso-info.org\/?page_id=356\" \/>\n<meta property=\"og:site_name\" content=\"Informatique Participative\" \/>\n<meta property=\"article:modified_time\" content=\"2026-03-01T16:32:31+00:00\" \/>\n<meta name=\"twitter:card\" content=\"summary_large_image\" \/>\n<meta name=\"twitter:label1\" content=\"Dur\u00e9e de lecture estim\u00e9e\" \/>\n\t<meta name=\"twitter:data1\" content=\"3 minutes\" \/>\n<script type=\"application\/ld+json\" class=\"yoast-schema-graph\">{\"@context\":\"https:\/\/schema.org\",\"@graph\":[{\"@type\":\"WebPage\",\"@id\":\"https:\/\/asso-info.org\/?page_id=356\",\"url\":\"https:\/\/asso-info.org\/?page_id=356\",\"name\":\"L'\u00c9quipe - Informatique Participative\",\"isPartOf\":{\"@id\":\"https:\/\/asso-info.org\/#website\"},\"datePublished\":\"2013-08-11T19:06:15+00:00\",\"dateModified\":\"2026-03-01T16:32:31+00:00\",\"breadcrumb\":{\"@id\":\"https:\/\/asso-info.org\/?page_id=356#breadcrumb\"},\"inLanguage\":\"fr-FR\",\"potentialAction\":[{\"@type\":\"ReadAction\",\"target\":[\"https:\/\/asso-info.org\/?page_id=356\"]}]},{\"@type\":\"BreadcrumbList\",\"@id\":\"https:\/\/asso-info.org\/?page_id=356#breadcrumb\",\"itemListElement\":[{\"@type\":\"ListItem\",\"position\":1,\"name\":\"Accueil\",\"item\":\"https:\/\/asso-info.org\/\"},{\"@type\":\"ListItem\",\"position\":2,\"name\":\"Informatique\",\"item\":\"https:\/\/asso-info.org\/\"},{\"@type\":\"ListItem\",\"position\":3,\"name\":\"L&rsquo;\u00c9quipe\"}]},{\"@type\":\"WebSite\",\"@id\":\"https:\/\/asso-info.org\/#website\",\"url\":\"https:\/\/asso-info.org\/\",\"name\":\"Informatique Participative\",\"description\":\"NumEtik &amp; Solidaire\",\"publisher\":{\"@id\":\"https:\/\/asso-info.org\/#organization\"},\"potentialAction\":[{\"@type\":\"SearchAction\",\"target\":{\"@type\":\"EntryPoint\",\"urlTemplate\":\"https:\/\/asso-info.org\/?s={search_term_string}\"},\"query-input\":{\"@type\":\"PropertyValueSpecification\",\"valueRequired\":true,\"valueName\":\"search_term_string\"}}],\"inLanguage\":\"fr-FR\"},{\"@type\":\"Organization\",\"@id\":\"https:\/\/asso-info.org\/#organization\",\"name\":\"Informatique Participative\",\"url\":\"https:\/\/asso-info.org\/\",\"logo\":{\"@type\":\"ImageObject\",\"inLanguage\":\"fr-FR\",\"@id\":\"https:\/\/asso-info.org\/#\/schema\/logo\/image\/\",\"url\":\"https:\/\/asso-info.org\/wp-content\/uploads\/2026\/01\/logo.png\",\"contentUrl\":\"https:\/\/asso-info.org\/wp-content\/uploads\/2026\/01\/logo.png\",\"width\":380,\"height\":348,\"caption\":\"Informatique Participative\"},\"image\":{\"@id\":\"https:\/\/asso-info.org\/#\/schema\/logo\/image\/\"}}]}<\/script>\n<!-- \/ Yoast SEO plugin. -->","yoast_head_json":{"title":"L'\u00c9quipe - Informatique Participative","robots":{"index":"index","follow":"follow","max-snippet":"max-snippet:-1","max-image-preview":"max-image-preview:large","max-video-preview":"max-video-preview:-1"},"canonical":"https:\/\/asso-info.org\/?page_id=356","og_locale":"fr_FR","og_type":"article","og_title":"L'\u00c9quipe - Informatique Participative","og_url":"https:\/\/asso-info.org\/?page_id=356","og_site_name":"Informatique Participative","article_modified_time":"2026-03-01T16:32:31+00:00","twitter_card":"summary_large_image","twitter_misc":{"Dur\u00e9e de lecture estim\u00e9e":"3 minutes"},"schema":{"@context":"https:\/\/schema.org","@graph":[{"@type":"WebPage","@id":"https:\/\/asso-info.org\/?page_id=356","url":"https:\/\/asso-info.org\/?page_id=356","name":"L'\u00c9quipe - Informatique Participative","isPartOf":{"@id":"https:\/\/asso-info.org\/#website"},"datePublished":"2013-08-11T19:06:15+00:00","dateModified":"2026-03-01T16:32:31+00:00","breadcrumb":{"@id":"https:\/\/asso-info.org\/?page_id=356#breadcrumb"},"inLanguage":"fr-FR","potentialAction":[{"@type":"ReadAction","target":["https:\/\/asso-info.org\/?page_id=356"]}]},{"@type":"BreadcrumbList","@id":"https:\/\/asso-info.org\/?page_id=356#breadcrumb","itemListElement":[{"@type":"ListItem","position":1,"name":"Accueil","item":"https:\/\/asso-info.org\/"},{"@type":"ListItem","position":2,"name":"Informatique","item":"https:\/\/asso-info.org\/"},{"@type":"ListItem","position":3,"name":"L&rsquo;\u00c9quipe"}]},{"@type":"WebSite","@id":"https:\/\/asso-info.org\/#website","url":"https:\/\/asso-info.org\/","name":"Informatique Participative","description":"NumEtik &amp; Solidaire","publisher":{"@id":"https:\/\/asso-info.org\/#organization"},"potentialAction":[{"@type":"SearchAction","target":{"@type":"EntryPoint","urlTemplate":"https:\/\/asso-info.org\/?s={search_term_string}"},"query-input":{"@type":"PropertyValueSpecification","valueRequired":true,"valueName":"search_term_string"}}],"inLanguage":"fr-FR"},{"@type":"Organization","@id":"https:\/\/asso-info.org\/#organization","name":"Informatique Participative","url":"https:\/\/asso-info.org\/","logo":{"@type":"ImageObject","inLanguage":"fr-FR","@id":"https:\/\/asso-info.org\/#\/schema\/logo\/image\/","url":"https:\/\/asso-info.org\/wp-content\/uploads\/2026\/01\/logo.png","contentUrl":"https:\/\/asso-info.org\/wp-content\/uploads\/2026\/01\/logo.png","width":380,"height":348,"caption":"Informatique Participative"},"image":{"@id":"https:\/\/asso-info.org\/#\/schema\/logo\/image\/"}}]}},"_links":{"self":[{"href":"https:\/\/asso-info.org\/index.php?rest_route=\/wp\/v2\/pages\/356","targetHints":{"allow":["GET"]}}],"collection":[{"href":"https:\/\/asso-info.org\/index.php?rest_route=\/wp\/v2\/pages"}],"about":[{"href":"https:\/\/asso-info.org\/index.php?rest_route=\/wp\/v2\/types\/page"}],"author":[{"embeddable":true,"href":"https:\/\/asso-info.org\/index.php?rest_route=\/wp\/v2\/users\/4"}],"replies":[{"embeddable":true,"href":"https:\/\/asso-info.org\/index.php?rest_route=%2Fwp%2Fv2%2Fcomments&post=356"}],"version-history":[{"count":27,"href":"https:\/\/asso-info.org\/index.php?rest_route=\/wp\/v2\/pages\/356\/revisions"}],"predecessor-version":[{"id":1876,"href":"https:\/\/asso-info.org\/index.php?rest_route=\/wp\/v2\/pages\/356\/revisions\/1876"}],"up":[{"embeddable":true,"href":"https:\/\/asso-info.org\/index.php?rest_route=\/wp\/v2\/pages\/298"}],"wp:attachment":[{"href":"https:\/\/asso-info.org\/index.php?rest_route=%2Fwp%2Fv2%2Fmedia&parent=356"}],"curies":[{"name":"wp","href":"https:\/\/api.w.org\/{rel}","templated":true}]}}