{"id":685,"date":"2026-01-18T16:56:50","date_gmt":"2026-01-18T16:56:50","guid":{"rendered":"https:\/\/informatiqueparticip.live-website.com\/?page_id=685"},"modified":"2026-04-05T14:58:23","modified_gmt":"2026-04-05T14:58:23","slug":"adhesion","status":"publish","type":"page","link":"https:\/\/asso-info.org\/?page_id=685","title":{"rendered":"Adh\u00e9sion &#038; PC"},"content":{"rendered":"\n\n  <div class=\"banner has-hover\" id=\"banner-717736881\">\n          <div class=\"banner-inner fill\">\n        <div class=\"banner-bg fill\" >\n            <img loading=\"lazy\" decoding=\"async\" width=\"1020\" height=\"574\" src=\"https:\/\/asso-info.org\/wp-content\/uploads\/2026\/02\/pexels-cottonbro-cg-studio-8833465.jpg\" class=\"bg attachment-large size-large\" alt=\"\" \/>                                    \n                    <\/div>\n\t\t\n        <div class=\"banner-layers container\">\n            <div class=\"fill banner-link\"><\/div>            \n\n   <div id=\"text-box-707557850\" class=\"text-box banner-layer x50 md-x50 lg-x50 y50 md-y50 lg-y50 res-text\">\n                                <div class=\"text-box-content text dark\">\n              \n              <div class=\"text-inner text-center\">\n                  \n\n\n              <\/div>\n           <\/div>\n                            \n<style>\n#text-box-707557850 {\n  width: 60%;\n}\n#text-box-707557850 .text-box-content {\n  font-size: 100%;\n}\n@media (min-width:550px) {\n  #text-box-707557850 {\n    width: 60%;\n  }\n}\n<\/style>\n    <\/div>\n \n\n        <\/div>\n      <\/div>\n\n            \n<style>\n#banner-717736881 {\n  padding-top: 443px;\n  background-color: rgb(255,255,255);\n}\n<\/style>\n  <\/div>\n\n\n<div class=\"row align-center\"  id=\"row-1660504947\">\n\n\n\t<div id=\"col-1622947503\" class=\"col small-12 large-12\"  >\n\t\t\t\t<div class=\"col-inner text-center\"  >\n\t\t\t\n\t\t\t\n\n\t<div id=\"text-1693821793\" class=\"text\">\n\t\t\n\n<p class=\"lead\">Les ordinateurs peuvent \u00eatre des<b> All In One<\/b> (<a href=\"https:\/\/duckduckgo.com\/?q=photo%20ordinateur%20allinone&amp;iar=images&amp;t=lm\" target=\"_blank\" rel=\"noopener\">les voir en photos<\/a>),\u00a0des <b>portables<\/b> ou des <b>tiny<\/b> (<a href=\"https:\/\/duckduckgo.com\/?q=photo%20ordinateur%20tiny&amp;iar=images&amp;t=lm\" target=\"_blank\" rel=\"noopener\">voir ce que c&rsquo;est<\/a>)<br \/>Les ordinateurs tiny et AIO sont \u00e9quip\u00e9s avec tous les accessoires n\u00e9cessaires \u00e0 leur utilisation<\/p>\n<p class=\"lead\"><b>Les ordinateurs s\u00e9lectionn\u00e9s sont fonctionnels et r\u00e9pondent \u00e0 100% aux usages bureautiques\u00a0<br \/><\/b><b>Ils sont tous \u00e9quip\u00e9s de Linux Mint<\/b><\/p>\n<p class=\"lead\">Concernant les portables \u00e0 35\u20ac, la plus du temps, la batterie est \u00e0 commander \u00e0 la charge du b\u00e9n\u00e9ficiaire<br \/>(les ordinateurs fonctionnent tr\u00e8s bien sur secteur)<\/p>\n\t\t\n<style>\n#text-1693821793 {\n  color: rgb(0,0,0);\n}\n#text-1693821793 > * {\n  color: rgb(0,0,0);\n}\n<\/style>\n\t<\/div>\n\t\n\n\t\t<\/div>\n\t\t\t\t\n<style>\n#col-1622947503 > .col-inner {\n  padding: 10px 0px 5px 0px;\n}\n<\/style>\n\t<\/div>\n\n\t\n\n\t<div id=\"col-1870926571\" class=\"col small-12 large-12\"  >\n\t\t\t\t<div class=\"col-inner\"  >\n\t\t\t\n\t<div class=\"is-border\"\n\t\tstyle=\"border-color:rgb(240, 57, 98);border-radius:20px;border-width:2px 2px 2px 2px;\">\n\t<\/div>\n\t\t\t\n\n\t<div id=\"text-272060316\" class=\"text\">\n\t\t\n\n<h2>Adh\u00e9sion<\/h2>\n\t\t\n<style>\n#text-272060316 {\n  text-align: center;\n}\n<\/style>\n\t<\/div>\n\t\n\t<div id=\"text-1139725442\" class=\"text\">\n\t\t\n\n<p class=\"lead\">Comme toutes les associations, pour b\u00e9n\u00e9ficier des services d&rsquo;Informatique Participative,<br \/>\nil faut s&rsquo;acquitter d&rsquo;une adh\u00e9sion annuelle.<\/p>\n<p class=\"lead\">Au fil des ann\u00e9es, les administrateurs ont fait le choix de ne pas augmenter le montant de l&rsquo;adh\u00e9sion.<br \/>\n<i><b>L&rsquo;adh\u00e9sion est \u00e0 rajouter au prix de l&rsquo;ordinateur<\/i><\/b><\/p>\n\t\t\n<style>\n#text-1139725442 {\n  text-align: center;\n}\n<\/style>\n\t<\/div>\n\t\n<div class=\"text-center\"><div class=\"is-divider divider clearfix\" style=\"max-width:100px;background-color:rgb(0, 182, 181);\"><\/div><\/div>\n\n\t<div id=\"text-1838703053\" class=\"text\">\n\t\t\n\n<h4><span style=\"font-size: 300%;\">15\u20ac<\/span><\/h4>\n\t\t\n<style>\n#text-1838703053 {\n  text-align: center;\n}\n<\/style>\n\t<\/div>\n\t\n\n\t\t<\/div>\n\t\t\t\t\n<style>\n#col-1870926571 > .col-inner {\n  padding: 2px 2px 2px 2px;\n}\n<\/style>\n\t<\/div>\n\n\t\n\n\t<div id=\"col-1659013567\" class=\"col medium-6 small-12 large-6\"  >\n\t\t\t\t<div class=\"col-inner\"  >\n\t\t\t\n\t<div class=\"is-border\"\n\t\tstyle=\"border-color:rgb(240, 57, 98);border-radius:20px;border-width:2px 2px 2px 2px;\">\n\t<\/div>\n\t\t\t\n\n\t<div id=\"text-1819513780\" class=\"text\">\n\t\t\n\n<h2>Public accompagn\u00e9 sur prescription<\/h2>\n<h4><span style=\"font-size: 300%;\">35\u20ac<\/span><\/h4>\n\t\t\n<style>\n#text-1819513780 {\n  text-align: center;\n}\n<\/style>\n\t<\/div>\n\t\n<div class=\"text-center\"><div class=\"is-divider divider clearfix\" style=\"max-width:100px;background-color:rgb(0, 182, 181);\"><\/div><\/div>\n\n\t<div id=\"text-3672842616\" class=\"text\">\n\t\t\n\n<p>Pour le public accompagn\u00e9 et prescrit par une structure type France Travail, r\u00e9f\u00e9rent(e) RSA, Maison de la Solidarit\u00e9, &#8230;<\/p>\n\t\t\n<style>\n#text-3672842616 {\n  text-align: center;\n}\n<\/style>\n\t<\/div>\n\t\n\n\t\t<\/div>\n\t\t\t\t\n<style>\n#col-1659013567 > .col-inner {\n  padding: 10px 10px 10px 10px;\n}\n<\/style>\n\t<\/div>\n\n\t\n\n\t<div id=\"col-591804573\" class=\"col medium-6 small-12 large-6\"  >\n\t\t\t\t<div class=\"col-inner\"  >\n\t\t\t\n\t<div class=\"is-border\"\n\t\tstyle=\"border-color:rgb(240, 57, 98);border-radius:20px;border-width:2px 2px 2px 2px;\">\n\t<\/div>\n\t\t\t\n\n\t<div id=\"text-1207888705\" class=\"text\">\n\t\t\n\n<h2>Public non accompagn\u00e9<\/h2>\n<h4><span style=\"font-size: 300%;\">85\u20ac, 155\u20ac ou 255\u20ac<\/span><\/h4>\n\t\t\n<style>\n#text-1207888705 {\n  text-align: center;\n}\n<\/style>\n\t<\/div>\n\t\n<div class=\"text-center\"><div class=\"is-divider divider clearfix\" style=\"max-width:100px;background-color:rgb(0, 182, 181);\"><\/div><\/div>\n\n\t<div id=\"text-4239065225\" class=\"text\">\n\t\t\n\n<p>Ordinateurs portables ou fixes avec grade esth\u00e9tique et\/ou de performance<\/p>\n\t\t\n<style>\n#text-4239065225 {\n  text-align: center;\n}\n<\/style>\n\t<\/div>\n\t\n\t<div id=\"gap-1351816667\" class=\"gap-element clearfix\" style=\"display:block; height:auto;\">\n\t\t\n<style>\n#gap-1351816667 {\n  padding-top: 25px;\n}\n<\/style>\n\t<\/div>\n\t\n\n\n\t\t<\/div>\n\t\t\t\t\n<style>\n#col-591804573 > .col-inner {\n  padding: 10px 10px 10px 10px;\n}\n<\/style>\n\t<\/div>\n\n\t\n\n\t<div id=\"col-2066417916\" class=\"col small-12 large-12\"  >\n\t\t\t\t<div class=\"col-inner\"  >\n\t\t\t\n\t<div class=\"is-border\"\n\t\tstyle=\"border-color:rgb(240, 57, 98);border-radius:20px;border-width:2px 2px 2px 2px;\">\n\t<\/div>\n\t\t\t\n\n\t<div id=\"text-2752722635\" class=\"text\">\n\t\t\n\n<p class=\"lead\">L&rsquo;adh\u00e9sion comporte, si besoin, une heure accompagnement \u00e0 l&rsquo;usage du num\u00e9rique<\/p>\n<p class=\"lead\">Il est possible de revenir plus tard pour avoir d&rsquo;autres heures d&rsquo;accompagnements,<br \/>\nil sera demand\u00e9 alors <b><span style=\"font-size: 300%;\">10\u20ac<\/span><\/b> par heure<\/p>\n\t\t\n<style>\n#text-2752722635 {\n  text-align: center;\n}\n<\/style>\n\t<\/div>\n\t\n\n\t\t<\/div>\n\t\t\t\t\n<style>\n#col-2066417916 > .col-inner {\n  padding: 10px 0px 0px 0px;\n}\n<\/style>\n\t<\/div>\n\n\t\n\n\t<div id=\"col-1352920494\" class=\"col medium-4 small-12 large-4\"  >\n\t\t\t\t<div class=\"col-inner\"  >\n\t\t\t\n\t\t\t\n\n<a href=\"https:\/\/asso-info.org\/?page_id=1206\" class=\"button primary is-bevel is-xlarge reveal-icon\" style=\"border-radius:99px;\">\n\t<i class=\"icon-checkmark\" aria-hidden=\"true\"><\/i>\t<span>Nous contacter<\/span>\n\t<\/a>\n\n\n\n\t\t<\/div>\n\t\t\t\t\t<\/div>\n\n\t\n\n<\/div>\n\n","protected":false},"excerpt":{"rendered":"","protected":false},"author":4,"featured_media":0,"parent":298,"menu_order":1,"comment_status":"closed","ping_status":"closed","template":"page-blank.php","meta":{"footnotes":""},"class_list":["post-685","page","type-page","status-publish","hentry"],"yoast_head":"<!-- This site is optimized with the Yoast SEO plugin v27.1.1 - https:\/\/yoast.com\/product\/yoast-seo-wordpress\/ -->\n<title>Adh\u00e9sion &amp; PC - Informatique Participative<\/title>\n<meta name=\"robots\" content=\"index, follow, max-snippet:-1, max-image-preview:large, max-video-preview:-1\" \/>\n<link rel=\"canonical\" href=\"https:\/\/asso-info.org\/?page_id=685\" \/>\n<meta property=\"og:locale\" content=\"fr_FR\" \/>\n<meta property=\"og:type\" content=\"article\" \/>\n<meta property=\"og:title\" content=\"Adh\u00e9sion &amp; PC - Informatique Participative\" \/>\n<meta property=\"og:url\" content=\"https:\/\/asso-info.org\/?page_id=685\" \/>\n<meta property=\"og:site_name\" content=\"Informatique Participative\" \/>\n<meta property=\"article:modified_time\" content=\"2026-04-05T14:58:23+00:00\" \/>\n<meta name=\"twitter:card\" content=\"summary_large_image\" \/>\n<meta name=\"twitter:label1\" content=\"Dur\u00e9e de lecture estim\u00e9e\" \/>\n\t<meta name=\"twitter:data1\" content=\"2 minutes\" \/>\n<script type=\"application\/ld+json\" class=\"yoast-schema-graph\">{\"@context\":\"https:\/\/schema.org\",\"@graph\":[{\"@type\":\"WebPage\",\"@id\":\"https:\/\/asso-info.org\/?page_id=685\",\"url\":\"https:\/\/asso-info.org\/?page_id=685\",\"name\":\"Adh\u00e9sion & PC - Informatique Participative\",\"isPartOf\":{\"@id\":\"https:\/\/asso-info.org\/#website\"},\"datePublished\":\"2026-01-18T16:56:50+00:00\",\"dateModified\":\"2026-04-05T14:58:23+00:00\",\"breadcrumb\":{\"@id\":\"https:\/\/asso-info.org\/?page_id=685#breadcrumb\"},\"inLanguage\":\"fr-FR\",\"potentialAction\":[{\"@type\":\"ReadAction\",\"target\":[\"https:\/\/asso-info.org\/?page_id=685\"]}]},{\"@type\":\"BreadcrumbList\",\"@id\":\"https:\/\/asso-info.org\/?page_id=685#breadcrumb\",\"itemListElement\":[{\"@type\":\"ListItem\",\"position\":1,\"name\":\"Accueil\",\"item\":\"https:\/\/asso-info.org\/\"},{\"@type\":\"ListItem\",\"position\":2,\"name\":\"Informatique\",\"item\":\"https:\/\/asso-info.org\/\"},{\"@type\":\"ListItem\",\"position\":3,\"name\":\"Adh\u00e9sion &#038; PC\"}]},{\"@type\":\"WebSite\",\"@id\":\"https:\/\/asso-info.org\/#website\",\"url\":\"https:\/\/asso-info.org\/\",\"name\":\"Informatique Participative\",\"description\":\"NumEtik &amp; Solidaire\",\"publisher\":{\"@id\":\"https:\/\/asso-info.org\/#organization\"},\"potentialAction\":[{\"@type\":\"SearchAction\",\"target\":{\"@type\":\"EntryPoint\",\"urlTemplate\":\"https:\/\/asso-info.org\/?s={search_term_string}\"},\"query-input\":{\"@type\":\"PropertyValueSpecification\",\"valueRequired\":true,\"valueName\":\"search_term_string\"}}],\"inLanguage\":\"fr-FR\"},{\"@type\":\"Organization\",\"@id\":\"https:\/\/asso-info.org\/#organization\",\"name\":\"Informatique Participative\",\"url\":\"https:\/\/asso-info.org\/\",\"logo\":{\"@type\":\"ImageObject\",\"inLanguage\":\"fr-FR\",\"@id\":\"https:\/\/asso-info.org\/#\/schema\/logo\/image\/\",\"url\":\"https:\/\/asso-info.org\/wp-content\/uploads\/2026\/01\/logo.png\",\"contentUrl\":\"https:\/\/asso-info.org\/wp-content\/uploads\/2026\/01\/logo.png\",\"width\":380,\"height\":348,\"caption\":\"Informatique Participative\"},\"image\":{\"@id\":\"https:\/\/asso-info.org\/#\/schema\/logo\/image\/\"}}]}<\/script>\n<!-- \/ Yoast SEO plugin. -->","yoast_head_json":{"title":"Adh\u00e9sion & PC - Informatique Participative","robots":{"index":"index","follow":"follow","max-snippet":"max-snippet:-1","max-image-preview":"max-image-preview:large","max-video-preview":"max-video-preview:-1"},"canonical":"https:\/\/asso-info.org\/?page_id=685","og_locale":"fr_FR","og_type":"article","og_title":"Adh\u00e9sion & PC - Informatique Participative","og_url":"https:\/\/asso-info.org\/?page_id=685","og_site_name":"Informatique Participative","article_modified_time":"2026-04-05T14:58:23+00:00","twitter_card":"summary_large_image","twitter_misc":{"Dur\u00e9e de lecture estim\u00e9e":"2 minutes"},"schema":{"@context":"https:\/\/schema.org","@graph":[{"@type":"WebPage","@id":"https:\/\/asso-info.org\/?page_id=685","url":"https:\/\/asso-info.org\/?page_id=685","name":"Adh\u00e9sion & PC - Informatique Participative","isPartOf":{"@id":"https:\/\/asso-info.org\/#website"},"datePublished":"2026-01-18T16:56:50+00:00","dateModified":"2026-04-05T14:58:23+00:00","breadcrumb":{"@id":"https:\/\/asso-info.org\/?page_id=685#breadcrumb"},"inLanguage":"fr-FR","potentialAction":[{"@type":"ReadAction","target":["https:\/\/asso-info.org\/?page_id=685"]}]},{"@type":"BreadcrumbList","@id":"https:\/\/asso-info.org\/?page_id=685#breadcrumb","itemListElement":[{"@type":"ListItem","position":1,"name":"Accueil","item":"https:\/\/asso-info.org\/"},{"@type":"ListItem","position":2,"name":"Informatique","item":"https:\/\/asso-info.org\/"},{"@type":"ListItem","position":3,"name":"Adh\u00e9sion &#038; PC"}]},{"@type":"WebSite","@id":"https:\/\/asso-info.org\/#website","url":"https:\/\/asso-info.org\/","name":"Informatique Participative","description":"NumEtik &amp; Solidaire","publisher":{"@id":"https:\/\/asso-info.org\/#organization"},"potentialAction":[{"@type":"SearchAction","target":{"@type":"EntryPoint","urlTemplate":"https:\/\/asso-info.org\/?s={search_term_string}"},"query-input":{"@type":"PropertyValueSpecification","valueRequired":true,"valueName":"search_term_string"}}],"inLanguage":"fr-FR"},{"@type":"Organization","@id":"https:\/\/asso-info.org\/#organization","name":"Informatique Participative","url":"https:\/\/asso-info.org\/","logo":{"@type":"ImageObject","inLanguage":"fr-FR","@id":"https:\/\/asso-info.org\/#\/schema\/logo\/image\/","url":"https:\/\/asso-info.org\/wp-content\/uploads\/2026\/01\/logo.png","contentUrl":"https:\/\/asso-info.org\/wp-content\/uploads\/2026\/01\/logo.png","width":380,"height":348,"caption":"Informatique Participative"},"image":{"@id":"https:\/\/asso-info.org\/#\/schema\/logo\/image\/"}}]}},"_links":{"self":[{"href":"https:\/\/asso-info.org\/index.php?rest_route=\/wp\/v2\/pages\/685","targetHints":{"allow":["GET"]}}],"collection":[{"href":"https:\/\/asso-info.org\/index.php?rest_route=\/wp\/v2\/pages"}],"about":[{"href":"https:\/\/asso-info.org\/index.php?rest_route=\/wp\/v2\/types\/page"}],"author":[{"embeddable":true,"href":"https:\/\/asso-info.org\/index.php?rest_route=\/wp\/v2\/users\/4"}],"replies":[{"embeddable":true,"href":"https:\/\/asso-info.org\/index.php?rest_route=%2Fwp%2Fv2%2Fcomments&post=685"}],"version-history":[{"count":99,"href":"https:\/\/asso-info.org\/index.php?rest_route=\/wp\/v2\/pages\/685\/revisions"}],"predecessor-version":[{"id":2171,"href":"https:\/\/asso-info.org\/index.php?rest_route=\/wp\/v2\/pages\/685\/revisions\/2171"}],"up":[{"embeddable":true,"href":"https:\/\/asso-info.org\/index.php?rest_route=\/wp\/v2\/pages\/298"}],"wp:attachment":[{"href":"https:\/\/asso-info.org\/index.php?rest_route=%2Fwp%2Fv2%2Fmedia&parent=685"}],"curies":[{"name":"wp","href":"https:\/\/api.w.org\/{rel}","templated":true}]}}