{"id":821,"date":"2026-01-24T18:26:32","date_gmt":"2026-01-24T18:26:32","guid":{"rendered":"https:\/\/informatiqueparticip.live-website.com\/?page_id=821"},"modified":"2026-03-01T16:34:07","modified_gmt":"2026-03-01T16:34:07","slug":"ip","status":"publish","type":"page","link":"https:\/\/asso-info.org\/?page_id=821","title":{"rendered":"Nous"},"content":{"rendered":"\n\n  <div class=\"banner has-hover\" id=\"banner-1960762327\">\n          <div class=\"banner-inner fill\">\n        <div class=\"banner-bg fill\" >\n            <img loading=\"lazy\" decoding=\"async\" width=\"2560\" height=\"1044\" src=\"https:\/\/asso-info.org\/wp-content\/uploads\/2026\/01\/shutterstock_1125928721_2.jpg\" class=\"bg attachment-original size-original\" alt=\"\" \/>                                    \n                    <\/div>\n\t\t\n        <div class=\"banner-layers container\">\n            <div class=\"fill banner-link\"><\/div>            \n\n   <div id=\"text-box-626221419\" class=\"text-box banner-layer x50 md-x50 lg-x50 y50 md-y50 lg-y50 res-text\">\n                                <div class=\"text-box-content text dark\">\n              \n              <div class=\"text-inner text-center\">\n                  \n\n\n              <\/div>\n           <\/div>\n                            \n<style>\n#text-box-626221419 {\n  width: 60%;\n}\n#text-box-626221419 .text-box-content {\n  font-size: 100%;\n}\n@media (min-width:550px) {\n  #text-box-626221419 {\n    width: 60%;\n  }\n}\n<\/style>\n    <\/div>\n \n\n        <\/div>\n      <\/div>\n\n            \n<style>\n#banner-1960762327 {\n  padding-top: 507px;\n  background-color: rgb(255,255,255);\n}\n<\/style>\n  <\/div>\n\n\n<div class=\"row row-small\"  id=\"row-1920354833\">\n\n\n\t<div id=\"col-1425783174\" class=\"col small-12 large-12\"  >\n\t\t\t\t<div class=\"col-inner text-left\"  >\n\t\t\t\n\t\t\t\n\n\t<div id=\"text-1468679255\" class=\"text\">\n\t\t\n\n<p class=\"lead\"><b>Un peu d&rsquo;histoire &#8230; <\/b>L&rsquo;association est n\u00e9e le 26 juin 2018 (c&rsquo;\u00e9tait un mardi) d&rsquo;un constat relativement simple :<\/p>\n\t\t\n<style>\n#text-1468679255 {\n  line-height: 1.2;\n  text-align: center;\n}\n@media (min-width:550px) {\n  #text-1468679255 {\n    line-height: 0.75;\n  }\n}\n<\/style>\n\t<\/div>\n\t\n\t<div id=\"text-1122732344\" class=\"text\">\n\t\t\n\n<blockquote>\n<p>En 2017, 1 Fran\u00e7ais sur 3 n&rsquo;a pas recours \u00e0 l&rsquo;e-administration. Il s&rsquo;agit essentiellement de personnes \u00e2g\u00e9es de plus de 70 ans, de non dipl\u00f4m\u00e9s et de personnes aux bas revenus<\/p>\n<\/blockquote>\n\t\t\n<style>\n#text-1122732344 {\n  text-align: right;\n}\n<\/style>\n\t<\/div>\n\t\n\t<div id=\"text-2534531015\" class=\"text\">\n\t\t\n\n<p class=\"lead\">Fort de ce constat, nous \u0153uvrons dans le domaine de l&rsquo;accompagnement dans l&rsquo;usage des outils num\u00e9riques et du reconditionnement informatique<\/p>\n\t\t\n<style>\n#text-2534531015 {\n  text-align: center;\n}\n@media (min-width:550px) {\n  #text-2534531015 {\n    text-align: center;\n  }\n}\n<\/style>\n\t<\/div>\n\t\n\t<div id=\"text-1824479514\" class=\"text\">\n\t\t\n\n<p class=\"lead\">Le num\u00e9rique responsable ainsi que la promotion et l\u2019utilisation des logiciels libre est une action qui est venue naturellement<\/p>\n\t\t\n<style>\n#text-1824479514 {\n  line-height: 1.8;\n}\n<\/style>\n\t<\/div>\n\t\n\n\t\t<\/div>\n\t\t\t\t\t<\/div>\n\n\t\n\n<\/div>\n\n\t<section class=\"section\" id=\"section_769463237\">\n\t\t<div class=\"section-bg fill\" >\n\t\t\t\t\t\t\t\t\t\n\t\t\t\n\n\t\t<\/div>\n\n\t\t\n\n\t\t<div class=\"section-content relative\">\n\t\t\t\n\n<div class=\"row\"  id=\"row-1019331518\">\n\n\n\t<div id=\"col-1383833135\" class=\"col medium-12 small-12 large-6\"  >\n\t\t\t\t<div class=\"col-inner\"  >\n\t\t\t\n\t\t\t\n\n\t<div class=\"img has-hover x md-x lg-x y md-y lg-y\" id=\"image_1191600513\">\n\t\t\t\t\t\t\t\t<div class=\"img-inner image-cover dark\" style=\"padding-top:56.25%;\">\n\t\t\t<img loading=\"lazy\" decoding=\"async\" width=\"1020\" height=\"494\" src=\"https:\/\/asso-info.org\/wp-content\/uploads\/2026\/01\/Windows11linux.png\" class=\"attachment-large size-large\" alt=\"\" srcset=\"https:\/\/asso-info.org\/wp-content\/uploads\/2026\/01\/Windows11linux.png 1280w, https:\/\/asso-info.org\/wp-content\/uploads\/2026\/01\/Windows11linux-800x388.png 800w, https:\/\/asso-info.org\/wp-content\/uploads\/2026\/01\/Windows11linux-768x372.png 768w, https:\/\/asso-info.org\/wp-content\/uploads\/2026\/01\/Windows11linux-600x291.png 600w\" sizes=\"auto, (max-width: 1020px) 100vw, 1020px\" \/>\t\t\t\t\t\t\n\t\t\t\t\t<\/div>\n\t\t\t\t\t\t\t\t\n<style>\n#image_1191600513 {\n  width: 100%;\n}\n<\/style>\n\t<\/div>\n\t\n\n\n\t\t<\/div>\n\t\t\t\t\t<\/div>\n\n\t\n\n\t<div id=\"col-810123591\" class=\"col medium-12 small-12 large-6\"  >\n\t\t\t\t<div class=\"col-inner\"  >\n\t\t\t\n\t\t\t\n\n\n\t\t<div class=\"icon-box featured-box icon-box-left text-left\"  >\n\t\t\t\t\t<div class=\"icon-box-img\" style=\"width: 50px\">\n\t\t\t\t<div class=\"icon\">\n\t\t\t\t\t<div class=\"icon-inner\" >\n\t\t\t\t\t\t<img loading=\"lazy\" decoding=\"async\" width=\"1\" height=\"1\" src=\"https:\/\/asso-info.org\/wp-content\/uploads\/2026\/02\/planet-clouds-svgrepo-com.svg\" class=\"attachment-medium size-medium\" alt=\"\" \/>\t\t\t\t\t<\/div>\n\t\t\t\t<\/div>\n\t\t\t<\/div>\n\t\t\t\t<div class=\"icon-box-text last-reset\">\n\t\t\t\t\t\t\t\t\t\n\n<h3>n\u00e9cessit\u00e9 de d\u00e9veloppement durable<\/h3>\n<p>38% des personnes ont fait r\u00e9parer un \u00e9quipement informatique au cours des 3 derni\u00e8res ann\u00e9es<\/p>\n\n\t\t<\/div>\n\t<\/div>\n\t\n\t\n\t<div id=\"gap-175019785\" class=\"gap-element clearfix\" style=\"display:block; height:auto;\">\n\t\t\n<style>\n#gap-175019785 {\n  padding-top: 20px;\n}\n<\/style>\n\t<\/div>\n\t\n\n\n\t\t<div class=\"icon-box featured-box icon-box-left text-left\"  >\n\t\t\t\t\t<div class=\"icon-box-img\" style=\"width: 50px\">\n\t\t\t\t<div class=\"icon\">\n\t\t\t\t\t<div class=\"icon-inner\" >\n\t\t\t\t\t\t<img loading=\"lazy\" decoding=\"async\" width=\"1\" height=\"1\" src=\"https:\/\/asso-info.org\/wp-content\/uploads\/2026\/02\/responsible-use-of-water-svgrepo-com.svg\" class=\"attachment-medium size-medium\" alt=\"\" \/>\t\t\t\t\t<\/div>\n\t\t\t\t<\/div>\n\t\t\t<\/div>\n\t\t\t\t<div class=\"icon-box-text last-reset\">\n\t\t\t\t\t\t\t\t\t\n\n<h3>usage d\u2019un num\u00e9rique plus \u00e9thique<\/h3>\n<p>L&rsquo;utilisation de l&rsquo;IA g\u00e9n\u00e9rative est quotidienne pour 34% des personnes int\u00e9rrog\u00e9es<\/p>\n\n\t\t<\/div>\n\t<\/div>\n\t\n\t\n\t<div id=\"gap-909077070\" class=\"gap-element clearfix\" style=\"display:block; height:auto;\">\n\t\t\n<style>\n#gap-909077070 {\n  padding-top: 20px;\n}\n<\/style>\n\t<\/div>\n\t\n\n\n\t\t<div class=\"icon-box featured-box icon-box-left text-left\"  >\n\t\t\t\t\t<div class=\"icon-box-img\" style=\"width: 50px\">\n\t\t\t\t<div class=\"icon\">\n\t\t\t\t\t<div class=\"icon-inner\" >\n\t\t\t\t\t\t<img loading=\"lazy\" decoding=\"async\" width=\"1\" height=\"1\" src=\"https:\/\/asso-info.org\/wp-content\/uploads\/2026\/02\/crop-simple-svgrepo-com.svg\" class=\"attachment-medium size-medium\" alt=\"\" \/>\t\t\t\t\t<\/div>\n\t\t\t\t<\/div>\n\t\t\t<\/div>\n\t\t\t\t<div class=\"icon-box-text last-reset\">\n\t\t\t\t\t\t\t\t\t\n\n<h3>usages des personnes<\/h3>\n<p>La diffusion de contenu trompeur par les algorithmes est jug\u00e9e possible par 80% des personnes<\/p>\n\n\t\t<\/div>\n\t<\/div>\n\t\n\t\n<p><i>* <a href=\"https:\/\/www.arcep.fr\/uploads\/tx_gspublication\/barometre-du-numerique-edition-2026_INFOGRAPHIE.pdf\" target=\"_blank\">Barom\u00e8tre du num\u00e9rique 2026<\/a><\/i><\/p>\n\n\t\t<\/div>\n\t\t\t\t\t<\/div>\n\n\t\n\n<\/div>\n\n\t\t<\/div>\n\n\t\t\n<style>\n#section_769463237 {\n  padding-top: 30px;\n  padding-bottom: 30px;\n}\n<\/style>\n\t<\/section>\n\t\n<div class=\"text-center\"><div class=\"is-divider divider clearfix\" style=\"max-width:100px;background-color:rgb(240, 57, 98);\"><\/div><\/div>\n\n<div class=\"row\"  id=\"row-862692958\">\n\n\n\t<div id=\"col-377687596\" class=\"col small-12 large-12\"  >\n\t\t\t\t<div class=\"col-inner\"  >\n\t\t\t\n\t\t\t\n\n\t<div id=\"text-3834694088\" class=\"text\">\n\t\t\n\n<p class=\"lead\">Install\u00e9e depuis 2018 \u00e0 Saint Pierre des Corps, l\u2019association a fait le choix de d\u00e9m\u00e9nager en 2021 pour s\u2019installer dans le quartier des Fontaines \u00e0 Tours, dans un local mis \u00e0 disposition par <a href=\"https:\/\/www.tmh.fr\/\" target=\"_blank\" rel=\"noopener\"> Tours M\u00e9tropole Habitat<\/a>. Cela a accentu\u00e9 fortement notre ancrage dans le paysage des acteurs du num\u00e9rique inclusif de la m\u00e9tropole Tourangelle.<\/p>\n<p class=\"lead\">L\u2019association est \u00e9galement un lieu ressource pour accueillir du public en formation (stagiaires <a href=\"https:\/\/gretaformation.ac-orleans-tours.fr\/\" target=\"_blank\">GRETA<\/a>, <a href=\"https:\/\/www.mltouraine.com\/\" target=\"_blank\">Mission Locale de Touraine<\/a>, etc.).<\/p>\n\t\t\n<style>\n#text-3834694088 {\n  line-height: 1.8;\n  text-align: left;\n}\n<\/style>\n\t<\/div>\n\t\n\n\t\t<\/div>\n\t\t\t\t\t<\/div>\n\n\t\n\n<\/div>\n\n","protected":false},"excerpt":{"rendered":"","protected":false},"author":4,"featured_media":0,"parent":298,"menu_order":1,"comment_status":"closed","ping_status":"closed","template":"page-blank.php","meta":{"footnotes":""},"class_list":["post-821","page","type-page","status-publish","hentry"],"yoast_head":"<!-- This site is optimized with the Yoast SEO plugin v27.1.1 - https:\/\/yoast.com\/product\/yoast-seo-wordpress\/ -->\n<title>Nous - Informatique Participative<\/title>\n<meta name=\"robots\" content=\"index, follow, max-snippet:-1, max-image-preview:large, max-video-preview:-1\" \/>\n<link rel=\"canonical\" href=\"https:\/\/asso-info.org\/?page_id=821\" \/>\n<meta property=\"og:locale\" content=\"fr_FR\" \/>\n<meta property=\"og:type\" content=\"article\" \/>\n<meta property=\"og:title\" content=\"Nous - Informatique Participative\" \/>\n<meta property=\"og:url\" content=\"https:\/\/asso-info.org\/?page_id=821\" \/>\n<meta property=\"og:site_name\" content=\"Informatique Participative\" \/>\n<meta property=\"article:modified_time\" content=\"2026-03-01T16:34:07+00:00\" \/>\n<meta name=\"twitter:card\" content=\"summary_large_image\" \/>\n<meta name=\"twitter:label1\" content=\"Dur\u00e9e de lecture estim\u00e9e\" \/>\n\t<meta name=\"twitter:data1\" content=\"2 minutes\" \/>\n<script type=\"application\/ld+json\" class=\"yoast-schema-graph\">{\"@context\":\"https:\/\/schema.org\",\"@graph\":[{\"@type\":\"WebPage\",\"@id\":\"https:\/\/asso-info.org\/?page_id=821\",\"url\":\"https:\/\/asso-info.org\/?page_id=821\",\"name\":\"Nous - Informatique Participative\",\"isPartOf\":{\"@id\":\"https:\/\/asso-info.org\/#website\"},\"datePublished\":\"2026-01-24T18:26:32+00:00\",\"dateModified\":\"2026-03-01T16:34:07+00:00\",\"breadcrumb\":{\"@id\":\"https:\/\/asso-info.org\/?page_id=821#breadcrumb\"},\"inLanguage\":\"fr-FR\",\"potentialAction\":[{\"@type\":\"ReadAction\",\"target\":[\"https:\/\/asso-info.org\/?page_id=821\"]}]},{\"@type\":\"BreadcrumbList\",\"@id\":\"https:\/\/asso-info.org\/?page_id=821#breadcrumb\",\"itemListElement\":[{\"@type\":\"ListItem\",\"position\":1,\"name\":\"Accueil\",\"item\":\"https:\/\/asso-info.org\/\"},{\"@type\":\"ListItem\",\"position\":2,\"name\":\"Informatique\",\"item\":\"https:\/\/asso-info.org\/\"},{\"@type\":\"ListItem\",\"position\":3,\"name\":\"Nous\"}]},{\"@type\":\"WebSite\",\"@id\":\"https:\/\/asso-info.org\/#website\",\"url\":\"https:\/\/asso-info.org\/\",\"name\":\"Informatique Participative\",\"description\":\"NumEtik &amp; Solidaire\",\"publisher\":{\"@id\":\"https:\/\/asso-info.org\/#organization\"},\"potentialAction\":[{\"@type\":\"SearchAction\",\"target\":{\"@type\":\"EntryPoint\",\"urlTemplate\":\"https:\/\/asso-info.org\/?s={search_term_string}\"},\"query-input\":{\"@type\":\"PropertyValueSpecification\",\"valueRequired\":true,\"valueName\":\"search_term_string\"}}],\"inLanguage\":\"fr-FR\"},{\"@type\":\"Organization\",\"@id\":\"https:\/\/asso-info.org\/#organization\",\"name\":\"Informatique Participative\",\"url\":\"https:\/\/asso-info.org\/\",\"logo\":{\"@type\":\"ImageObject\",\"inLanguage\":\"fr-FR\",\"@id\":\"https:\/\/asso-info.org\/#\/schema\/logo\/image\/\",\"url\":\"https:\/\/asso-info.org\/wp-content\/uploads\/2026\/01\/logo.png\",\"contentUrl\":\"https:\/\/asso-info.org\/wp-content\/uploads\/2026\/01\/logo.png\",\"width\":380,\"height\":348,\"caption\":\"Informatique Participative\"},\"image\":{\"@id\":\"https:\/\/asso-info.org\/#\/schema\/logo\/image\/\"}}]}<\/script>\n<!-- \/ Yoast SEO plugin. -->","yoast_head_json":{"title":"Nous - Informatique Participative","robots":{"index":"index","follow":"follow","max-snippet":"max-snippet:-1","max-image-preview":"max-image-preview:large","max-video-preview":"max-video-preview:-1"},"canonical":"https:\/\/asso-info.org\/?page_id=821","og_locale":"fr_FR","og_type":"article","og_title":"Nous - Informatique Participative","og_url":"https:\/\/asso-info.org\/?page_id=821","og_site_name":"Informatique Participative","article_modified_time":"2026-03-01T16:34:07+00:00","twitter_card":"summary_large_image","twitter_misc":{"Dur\u00e9e de lecture estim\u00e9e":"2 minutes"},"schema":{"@context":"https:\/\/schema.org","@graph":[{"@type":"WebPage","@id":"https:\/\/asso-info.org\/?page_id=821","url":"https:\/\/asso-info.org\/?page_id=821","name":"Nous - Informatique Participative","isPartOf":{"@id":"https:\/\/asso-info.org\/#website"},"datePublished":"2026-01-24T18:26:32+00:00","dateModified":"2026-03-01T16:34:07+00:00","breadcrumb":{"@id":"https:\/\/asso-info.org\/?page_id=821#breadcrumb"},"inLanguage":"fr-FR","potentialAction":[{"@type":"ReadAction","target":["https:\/\/asso-info.org\/?page_id=821"]}]},{"@type":"BreadcrumbList","@id":"https:\/\/asso-info.org\/?page_id=821#breadcrumb","itemListElement":[{"@type":"ListItem","position":1,"name":"Accueil","item":"https:\/\/asso-info.org\/"},{"@type":"ListItem","position":2,"name":"Informatique","item":"https:\/\/asso-info.org\/"},{"@type":"ListItem","position":3,"name":"Nous"}]},{"@type":"WebSite","@id":"https:\/\/asso-info.org\/#website","url":"https:\/\/asso-info.org\/","name":"Informatique Participative","description":"NumEtik &amp; Solidaire","publisher":{"@id":"https:\/\/asso-info.org\/#organization"},"potentialAction":[{"@type":"SearchAction","target":{"@type":"EntryPoint","urlTemplate":"https:\/\/asso-info.org\/?s={search_term_string}"},"query-input":{"@type":"PropertyValueSpecification","valueRequired":true,"valueName":"search_term_string"}}],"inLanguage":"fr-FR"},{"@type":"Organization","@id":"https:\/\/asso-info.org\/#organization","name":"Informatique Participative","url":"https:\/\/asso-info.org\/","logo":{"@type":"ImageObject","inLanguage":"fr-FR","@id":"https:\/\/asso-info.org\/#\/schema\/logo\/image\/","url":"https:\/\/asso-info.org\/wp-content\/uploads\/2026\/01\/logo.png","contentUrl":"https:\/\/asso-info.org\/wp-content\/uploads\/2026\/01\/logo.png","width":380,"height":348,"caption":"Informatique Participative"},"image":{"@id":"https:\/\/asso-info.org\/#\/schema\/logo\/image\/"}}]}},"_links":{"self":[{"href":"https:\/\/asso-info.org\/index.php?rest_route=\/wp\/v2\/pages\/821","targetHints":{"allow":["GET"]}}],"collection":[{"href":"https:\/\/asso-info.org\/index.php?rest_route=\/wp\/v2\/pages"}],"about":[{"href":"https:\/\/asso-info.org\/index.php?rest_route=\/wp\/v2\/types\/page"}],"author":[{"embeddable":true,"href":"https:\/\/asso-info.org\/index.php?rest_route=\/wp\/v2\/users\/4"}],"replies":[{"embeddable":true,"href":"https:\/\/asso-info.org\/index.php?rest_route=%2Fwp%2Fv2%2Fcomments&post=821"}],"version-history":[{"count":42,"href":"https:\/\/asso-info.org\/index.php?rest_route=\/wp\/v2\/pages\/821\/revisions"}],"predecessor-version":[{"id":1880,"href":"https:\/\/asso-info.org\/index.php?rest_route=\/wp\/v2\/pages\/821\/revisions\/1880"}],"up":[{"embeddable":true,"href":"https:\/\/asso-info.org\/index.php?rest_route=\/wp\/v2\/pages\/298"}],"wp:attachment":[{"href":"https:\/\/asso-info.org\/index.php?rest_route=%2Fwp%2Fv2%2Fmedia&parent=821"}],"curies":[{"name":"wp","href":"https:\/\/api.w.org\/{rel}","templated":true}]}}